{"id":165,"date":"2025-01-06T12:44:51","date_gmt":"2025-01-06T11:44:51","guid":{"rendered":"https:\/\/www.budskap.se\/?page_id=165"},"modified":"2025-01-06T13:12:42","modified_gmt":"2025-01-06T12:12:42","slug":"tjanster","status":"publish","type":"page","link":"https:\/\/www.budskap.se\/?page_id=165","title":{"rendered":"Tj\u00e4nster"},"content":{"rendered":"\t\t<div data-elementor-type=\"wp-page\" data-elementor-id=\"165\" class=\"elementor elementor-165\">\n\t\t\t\t\t\t<section class=\"elementor-section elementor-top-section elementor-element elementor-element-379f99a5 elementor-section-content-middle elementor-section-stretched elementor-section-boxed elementor-section-height-default elementor-section-height-default\" data-id=\"379f99a5\" data-element_type=\"section\" id=\"next\" data-settings=\"{&quot;stretch_section&quot;:&quot;section-stretched&quot;}\">\n\t\t\t\t\t\t<div class=\"elementor-container elementor-column-gap-no\">\n\t\t\t\t\t<div class=\"elementor-column elementor-col-100 elementor-top-column elementor-element elementor-element-6d0d6608\" data-id=\"6d0d6608\" data-element_type=\"column\">\n\t\t\t<div class=\"elementor-widget-wrap elementor-element-populated\">\n\t\t\t\t\t\t<div class=\"elementor-element elementor-element-6b0684d3 elementor-widget elementor-widget-heading\" data-id=\"6b0684d3\" data-element_type=\"widget\" data-widget_type=\"heading.default\">\n\t\t\t\t<div class=\"elementor-widget-container\">\n\t\t\t\t\t<h2 class=\"elementor-heading-title elementor-size-default\">Tj\u00e4nster<\/h2>\t\t\t\t<\/div>\n\t\t\t\t<\/div>\n\t\t\t\t<div class=\"elementor-element elementor-element-2a5d3e2c elementor-widget elementor-widget-heading\" data-id=\"2a5d3e2c\" data-element_type=\"widget\" data-widget_type=\"heading.default\">\n\t\t\t\t<div class=\"elementor-widget-container\">\n\t\t\t\t\t<h5 class=\"elementor-heading-title elementor-size-default\">Operativt och strategiskt st\u00f6d inom kommunikation.<\/h5>\t\t\t\t<\/div>\n\t\t\t\t<\/div>\n\t\t\t\t<section class=\"elementor-section elementor-inner-section elementor-element elementor-element-3436a282 elementor-section-full_width elementor-section-content-middle elementor-section-height-default elementor-section-height-default\" data-id=\"3436a282\" data-element_type=\"section\">\n\t\t\t\t\t\t<div class=\"elementor-container elementor-column-gap-no\">\n\t\t\t\t\t<div class=\"elementor-column elementor-col-50 elementor-inner-column elementor-element elementor-element-111ef320\" data-id=\"111ef320\" data-element_type=\"column\" data-settings=\"{&quot;background_background&quot;:&quot;classic&quot;}\">\n\t\t\t<div class=\"elementor-widget-wrap elementor-element-populated\">\n\t\t\t\t\t\t<div class=\"elementor-element elementor-element-7e9f1087 elementor-widget__width-initial elementor-widget elementor-widget-image\" data-id=\"7e9f1087\" data-element_type=\"widget\" data-widget_type=\"image.default\">\n\t\t\t\t<div class=\"elementor-widget-container\">\n\t\t\t\t\t\t\t\t\t\t\t\t\t\t\t<img fetchpriority=\"high\" decoding=\"async\" width=\"800\" height=\"800\" src=\"https:\/\/www.budskap.se\/wp-content\/uploads\/2024\/11\/Penna-vit-1.png\" class=\"attachment-large size-large wp-image-56\" alt=\"\" srcset=\"https:\/\/www.budskap.se\/wp-content\/uploads\/2024\/11\/Penna-vit-1.png 834w, https:\/\/www.budskap.se\/wp-content\/uploads\/2024\/11\/Penna-vit-1-300x300.png 300w, https:\/\/www.budskap.se\/wp-content\/uploads\/2024\/11\/Penna-vit-1-150x150.png 150w, https:\/\/www.budskap.se\/wp-content\/uploads\/2024\/11\/Penna-vit-1-768x768.png 768w\" sizes=\"(max-width: 800px) 100vw, 800px\" \/>\t\t\t\t\t\t\t\t\t\t\t\t\t\t\t<\/div>\n\t\t\t\t<\/div>\n\t\t\t\t<div class=\"elementor-element elementor-element-616ecc6 elementor-widget__width-initial elementor-widget elementor-widget-heading\" data-id=\"616ecc6\" data-element_type=\"widget\" data-widget_type=\"heading.default\">\n\t\t\t\t<div class=\"elementor-widget-container\">\n\t\t\t\t\t<h4 class=\"elementor-heading-title elementor-size-default\">Inneh\u00e5llsproduktion<\/h4>\t\t\t\t<\/div>\n\t\t\t\t<\/div>\n\t\t\t\t<div class=\"elementor-element elementor-element-1ed4c7ec elementor-widget__width-initial elementor-widget elementor-widget-text-editor\" data-id=\"1ed4c7ec\" data-element_type=\"widget\" data-widget_type=\"text-editor.default\">\n\t\t\t\t<div class=\"elementor-widget-container\">\n\t\t\t\t\t\t\t\t\t<p>Att skapa inneh\u00e5ll som lockar och f\u00e5ngar intresset \u00e4r en stor konst. Inneh\u00e5ll ska vara anpassat med budskap som ligger i linje med organisationens v\u00e4rderingar och m\u00e5l och kunna vara b\u00e5de s\u00e4ljande och informativt. N\u00e4r det dessutom \u00e4r inkluderande och normbrytande n\u00e5r det verkligen ut till hela m\u00e5lgruppen. Exempel p\u00e5 inneh\u00e5llsproduktion:<\/p><ul><li>artiklar<\/li><li>intervjuer<\/li><li>sociala medier<\/li><li>pressmeddelanden<\/li><li>\u00e5rsredovisning m.m.<\/li><\/ul>\t\t\t\t\t\t\t\t<\/div>\n\t\t\t\t<\/div>\n\t\t\t\t\t<\/div>\n\t\t<\/div>\n\t\t\t\t<div class=\"elementor-column elementor-col-50 elementor-inner-column elementor-element elementor-element-413d2868\" data-id=\"413d2868\" data-element_type=\"column\" data-settings=\"{&quot;background_background&quot;:&quot;classic&quot;}\">\n\t\t\t<div class=\"elementor-widget-wrap elementor-element-populated\">\n\t\t\t\t\t\t<div class=\"elementor-element elementor-element-7266c447 elementor-widget__width-initial elementor-widget elementor-widget-image\" data-id=\"7266c447\" data-element_type=\"widget\" data-widget_type=\"image.default\">\n\t\t\t\t<div class=\"elementor-widget-container\">\n\t\t\t\t\t\t\t\t\t\t\t\t\t\t\t<img decoding=\"async\" width=\"800\" height=\"800\" src=\"https:\/\/www.budskap.se\/wp-content\/uploads\/2024\/11\/Varumarket-vit-1.png\" class=\"attachment-large size-large wp-image-57\" alt=\"\" srcset=\"https:\/\/www.budskap.se\/wp-content\/uploads\/2024\/11\/Varumarket-vit-1.png 834w, https:\/\/www.budskap.se\/wp-content\/uploads\/2024\/11\/Varumarket-vit-1-300x300.png 300w, https:\/\/www.budskap.se\/wp-content\/uploads\/2024\/11\/Varumarket-vit-1-150x150.png 150w, https:\/\/www.budskap.se\/wp-content\/uploads\/2024\/11\/Varumarket-vit-1-768x768.png 768w\" sizes=\"(max-width: 800px) 100vw, 800px\" \/>\t\t\t\t\t\t\t\t\t\t\t\t\t\t\t<\/div>\n\t\t\t\t<\/div>\n\t\t\t\t<div class=\"elementor-element elementor-element-7de57759 elementor-widget__width-initial elementor-widget elementor-widget-heading\" data-id=\"7de57759\" data-element_type=\"widget\" data-widget_type=\"heading.default\">\n\t\t\t\t<div class=\"elementor-widget-container\">\n\t\t\t\t\t<h4 class=\"elementor-heading-title elementor-size-default\">Strategi och ledningsst\u00f6d<\/h4>\t\t\t\t<\/div>\n\t\t\t\t<\/div>\n\t\t\t\t<div class=\"elementor-element elementor-element-f6f3891 elementor-widget elementor-widget-text-editor\" data-id=\"f6f3891\" data-element_type=\"widget\" data-widget_type=\"text-editor.default\">\n\t\t\t\t<div class=\"elementor-widget-container\">\n\t\t\t\t\t\t\t\t\t<p><span style=\"color: var( --e-global-color-text ); font-family: var( --e-global-typography-3384526-font-family ), Sans-serif; font-size: var( --e-global-typography-3384526-font-size ); font-weight: var( --e-global-typography-text-font-weight ); letter-spacing: var( --e-global-typography-3384526-letter-spacing ); word-spacing: var( --e-global-typography-3384526-word-spacing ); background-color: var( --e-global-color-secondary );\">F\u00f6r\u00e4ndringar och pl\u00f6tsliga h\u00e4ndelser kr\u00e4ver ofta extraordin\u00e4ra kommunikationsinsatser.<\/span><\/p>\n<p>Vid f\u00f6r\u00e4ndringar, p\u00e5tvingade eller valda, s\u00e4tts extra h\u00f6g press p\u00e5 ledningen. En grundregel \u00e4r att kommunikationen m\u00e5ste vara v\u00e4lplanerad, genomt\u00e4nkt och n\u00e5 r\u00e4tt mottagare. H\u00e4r m\u00e5ste alltid extra vikt l\u00e4ggas vid att information n\u00e5r ut till alla som identifierats som intressenter och mottagare.<\/p>\t\t\t\t\t\t\t\t<\/div>\n\t\t\t\t<\/div>\n\t\t\t\t\t<\/div>\n\t\t<\/div>\n\t\t\t\t\t<\/div>\n\t\t<\/section>\n\t\t\t\t<section class=\"elementor-section elementor-inner-section elementor-element elementor-element-475beb1a elementor-section-full_width elementor-section-content-middle elementor-section-height-default elementor-section-height-default\" data-id=\"475beb1a\" data-element_type=\"section\">\n\t\t\t\t\t\t<div class=\"elementor-container elementor-column-gap-no\">\n\t\t\t\t\t<div class=\"elementor-column elementor-col-50 elementor-inner-column elementor-element elementor-element-f2c1ac2\" data-id=\"f2c1ac2\" data-element_type=\"column\" data-settings=\"{&quot;background_background&quot;:&quot;classic&quot;}\">\n\t\t\t<div class=\"elementor-widget-wrap elementor-element-populated\">\n\t\t\t\t\t\t<div class=\"elementor-element elementor-element-47fdfc87 elementor-widget__width-initial elementor-widget elementor-widget-image\" data-id=\"47fdfc87\" data-element_type=\"widget\" data-widget_type=\"image.default\">\n\t\t\t\t<div class=\"elementor-widget-container\">\n\t\t\t\t\t\t\t\t\t\t\t\t\t\t\t<img decoding=\"async\" width=\"800\" height=\"800\" src=\"https:\/\/www.budskap.se\/wp-content\/uploads\/2024\/11\/Event-vit-1.png\" class=\"attachment-large size-large wp-image-58\" alt=\"\" srcset=\"https:\/\/www.budskap.se\/wp-content\/uploads\/2024\/11\/Event-vit-1.png 834w, https:\/\/www.budskap.se\/wp-content\/uploads\/2024\/11\/Event-vit-1-300x300.png 300w, https:\/\/www.budskap.se\/wp-content\/uploads\/2024\/11\/Event-vit-1-150x150.png 150w, https:\/\/www.budskap.se\/wp-content\/uploads\/2024\/11\/Event-vit-1-768x768.png 768w\" sizes=\"(max-width: 800px) 100vw, 800px\" \/>\t\t\t\t\t\t\t\t\t\t\t\t\t\t\t<\/div>\n\t\t\t\t<\/div>\n\t\t\t\t<div class=\"elementor-element elementor-element-6846570c elementor-widget__width-initial elementor-widget elementor-widget-heading\" data-id=\"6846570c\" data-element_type=\"widget\" data-widget_type=\"heading.default\">\n\t\t\t\t<div class=\"elementor-widget-container\">\n\t\t\t\t\t<h4 class=\"elementor-heading-title elementor-size-default\">F\u00f6redrag och inspiration<\/h4>\t\t\t\t<\/div>\n\t\t\t\t<\/div>\n\t\t\t\t<div class=\"elementor-element elementor-element-288de284 elementor-widget__width-initial elementor-widget elementor-widget-text-editor\" data-id=\"288de284\" data-element_type=\"widget\" data-widget_type=\"text-editor.default\">\n\t\t\t\t<div class=\"elementor-widget-container\">\n\t\t\t\t\t\t\t\t\t<p>N\u00e4r m\u00e5nga individer tar till sig samma budskap uppst\u00e5r en kraft som kan f\u00f6r\u00e4ndra v\u00e4rlden. Det g\u00f6r budskapet till v\u00e5rt viktigaste medel f\u00f6r p\u00e5verkan. Budskap \u00e4r n\u00e5got som vi medvetet kan formulera och f\u00f6rmedla. N\u00e4r mottagarna tar till sig budskap, n\u00e4r det f\u00f6rankras och accepteras, d\u00e5 skapas kraft, energi, motivation, inspiration, engagemang.<\/p>\t\t\t\t\t\t\t\t<\/div>\n\t\t\t\t<\/div>\n\t\t\t\t\t<\/div>\n\t\t<\/div>\n\t\t\t\t<div class=\"elementor-column elementor-col-50 elementor-inner-column elementor-element elementor-element-1398faf7\" data-id=\"1398faf7\" data-element_type=\"column\" data-settings=\"{&quot;background_background&quot;:&quot;classic&quot;}\">\n\t\t\t<div class=\"elementor-widget-wrap elementor-element-populated\">\n\t\t\t\t\t\t<div class=\"elementor-element elementor-element-4702cb15 elementor-widget__width-initial elementor-widget elementor-widget-image\" data-id=\"4702cb15\" data-element_type=\"widget\" data-widget_type=\"image.default\">\n\t\t\t\t<div class=\"elementor-widget-container\">\n\t\t\t\t\t\t\t\t\t\t\t\t\t\t\t<img loading=\"lazy\" decoding=\"async\" width=\"800\" height=\"800\" src=\"https:\/\/www.budskap.se\/wp-content\/uploads\/2024\/11\/Press-vit-1.png\" class=\"attachment-large size-large wp-image-59\" alt=\"\" srcset=\"https:\/\/www.budskap.se\/wp-content\/uploads\/2024\/11\/Press-vit-1.png 834w, https:\/\/www.budskap.se\/wp-content\/uploads\/2024\/11\/Press-vit-1-300x300.png 300w, https:\/\/www.budskap.se\/wp-content\/uploads\/2024\/11\/Press-vit-1-150x150.png 150w, https:\/\/www.budskap.se\/wp-content\/uploads\/2024\/11\/Press-vit-1-768x768.png 768w\" sizes=\"(max-width: 800px) 100vw, 800px\" \/>\t\t\t\t\t\t\t\t\t\t\t\t\t\t\t<\/div>\n\t\t\t\t<\/div>\n\t\t\t\t<div class=\"elementor-element elementor-element-a1d239b elementor-widget__width-initial elementor-widget elementor-widget-heading\" data-id=\"a1d239b\" data-element_type=\"widget\" data-widget_type=\"heading.default\">\n\t\t\t\t<div class=\"elementor-widget-container\">\n\t\t\t\t\t<h4 class=\"elementor-heading-title elementor-size-default\">Event och opinion<\/h4>\t\t\t\t<\/div>\n\t\t\t\t<\/div>\n\t\t\t\t<div class=\"elementor-element elementor-element-78e13153 elementor-widget__width-initial elementor-widget elementor-widget-text-editor\" data-id=\"78e13153\" data-element_type=\"widget\" data-widget_type=\"text-editor.default\">\n\t\t\t\t<div class=\"elementor-widget-container\">\n\t\t\t\t\t\t\t\t\t<p>De flesta organisationer har n\u00e5got intressant att ber\u00e4tta med m\u00e5nga m\u00f6jligheter att skapa intressanta historier.<br>Vill ni synas mer i redaktionell media? Arrangera effektfulla events? Driva opinion f\u00f6r era fr\u00e5gor?<\/p>\n<p>Utg\u00e5ngsl\u00e4get \u00e4r att hitta det som \u00e4r intressant hos er, det g\u00e4ller att st\u00e4lla r\u00e4tt fr\u00e5gor och att paketera p\u00e5 r\u00e4tt s\u00e4tt. Unders\u00f6kningar och rapporter underl\u00e4ttar f\u00f6rst\u00e5s.<\/p>\t\t\t\t\t\t\t\t<\/div>\n\t\t\t\t<\/div>\n\t\t\t\t\t<\/div>\n\t\t<\/div>\n\t\t\t\t\t<\/div>\n\t\t<\/section>\n\t\t\t\t\t<\/div>\n\t\t<\/div>\n\t\t\t\t\t<\/div>\n\t\t<\/section>\n\t\t\t\t<\/div>\n\t\t","protected":false},"excerpt":{"rendered":"<p>Tj\u00e4nster Operativt och strategiskt st\u00f6d inom kommunikation. Inneh\u00e5llsproduktion Att skapa inneh\u00e5ll som lockar och f\u00e5ngar intresset \u00e4r en stor konst. Inneh\u00e5ll ska vara anpassat med budskap som ligger i linje med organisationens v\u00e4rderingar och m\u00e5l och kunna vara b\u00e5de s\u00e4ljande och informativt. N\u00e4r det dessutom \u00e4r inkluderande och normbrytande n\u00e5r det verkligen ut till hela [&hellip;]<\/p>\n","protected":false},"author":1,"featured_media":0,"parent":0,"menu_order":0,"comment_status":"closed","ping_status":"closed","template":"","meta":{"footnotes":""},"class_list":["post-165","page","type-page","status-publish","hentry"],"yoast_head":"<!-- This site is optimized with the Yoast SEO plugin v25.3 - https:\/\/yoast.com\/wordpress\/plugins\/seo\/ -->\n<title>Tj\u00e4nster - Budskap.se<\/title>\n<meta name=\"robots\" content=\"index, follow, max-snippet:-1, max-image-preview:large, max-video-preview:-1\" \/>\n<link rel=\"canonical\" href=\"https:\/\/www.budskap.se\/?page_id=165\" \/>\n<meta property=\"og:locale\" content=\"sv_SE\" \/>\n<meta property=\"og:type\" content=\"article\" \/>\n<meta property=\"og:title\" content=\"Tj\u00e4nster - Budskap.se\" \/>\n<meta property=\"og:description\" content=\"Tj\u00e4nster Operativt och strategiskt st\u00f6d inom kommunikation. Inneh\u00e5llsproduktion Att skapa inneh\u00e5ll som lockar och f\u00e5ngar intresset \u00e4r en stor konst. Inneh\u00e5ll ska vara anpassat med budskap som ligger i linje med organisationens v\u00e4rderingar och m\u00e5l och kunna vara b\u00e5de s\u00e4ljande och informativt. N\u00e4r det dessutom \u00e4r inkluderande och normbrytande n\u00e5r det verkligen ut till hela [&hellip;]\" \/>\n<meta property=\"og:url\" content=\"https:\/\/www.budskap.se\/?page_id=165\" \/>\n<meta property=\"og:site_name\" content=\"Budskap.se\" \/>\n<meta property=\"article:modified_time\" content=\"2025-01-06T12:12:42+00:00\" \/>\n<meta property=\"og:image\" content=\"https:\/\/www.budskap.se\/wp-content\/uploads\/2024\/11\/Penna-vit-1.png\" \/>\n<meta name=\"twitter:card\" content=\"summary_large_image\" \/>\n<meta name=\"twitter:label1\" content=\"Ber\u00e4knad l\u00e4stid\" \/>\n\t<meta name=\"twitter:data1\" content=\"2 minuter\" \/>\n<script type=\"application\/ld+json\" class=\"yoast-schema-graph\">{\"@context\":\"https:\/\/schema.org\",\"@graph\":[{\"@type\":\"WebPage\",\"@id\":\"https:\/\/www.budskap.se\/?page_id=165\",\"url\":\"https:\/\/www.budskap.se\/?page_id=165\",\"name\":\"Tj\u00e4nster - Budskap.se\",\"isPartOf\":{\"@id\":\"https:\/\/www.budskap.se\/#website\"},\"primaryImageOfPage\":{\"@id\":\"https:\/\/www.budskap.se\/?page_id=165#primaryimage\"},\"image\":{\"@id\":\"https:\/\/www.budskap.se\/?page_id=165#primaryimage\"},\"thumbnailUrl\":\"https:\/\/www.budskap.se\/wp-content\/uploads\/2024\/11\/Penna-vit-1.png\",\"datePublished\":\"2025-01-06T11:44:51+00:00\",\"dateModified\":\"2025-01-06T12:12:42+00:00\",\"breadcrumb\":{\"@id\":\"https:\/\/www.budskap.se\/?page_id=165#breadcrumb\"},\"inLanguage\":\"sv-SE\",\"potentialAction\":[{\"@type\":\"ReadAction\",\"target\":[\"https:\/\/www.budskap.se\/?page_id=165\"]}]},{\"@type\":\"ImageObject\",\"inLanguage\":\"sv-SE\",\"@id\":\"https:\/\/www.budskap.se\/?page_id=165#primaryimage\",\"url\":\"https:\/\/www.budskap.se\/wp-content\/uploads\/2024\/11\/Penna-vit-1.png\",\"contentUrl\":\"https:\/\/www.budskap.se\/wp-content\/uploads\/2024\/11\/Penna-vit-1.png\",\"width\":834,\"height\":834},{\"@type\":\"BreadcrumbList\",\"@id\":\"https:\/\/www.budskap.se\/?page_id=165#breadcrumb\",\"itemListElement\":[{\"@type\":\"ListItem\",\"position\":1,\"name\":\"Home\",\"item\":\"https:\/\/www.budskap.se\/\"},{\"@type\":\"ListItem\",\"position\":2,\"name\":\"Tj\u00e4nster\"}]},{\"@type\":\"WebSite\",\"@id\":\"https:\/\/www.budskap.se\/#website\",\"url\":\"https:\/\/www.budskap.se\/\",\"name\":\"Budskap.se\",\"description\":\"Kommunikationstj\u00e4nster\",\"publisher\":{\"@id\":\"https:\/\/www.budskap.se\/#organization\"},\"potentialAction\":[{\"@type\":\"SearchAction\",\"target\":{\"@type\":\"EntryPoint\",\"urlTemplate\":\"https:\/\/www.budskap.se\/?s={search_term_string}\"},\"query-input\":{\"@type\":\"PropertyValueSpecification\",\"valueRequired\":true,\"valueName\":\"search_term_string\"}}],\"inLanguage\":\"sv-SE\"},{\"@type\":\"Organization\",\"@id\":\"https:\/\/www.budskap.se\/#organization\",\"name\":\"Budskap.se\",\"url\":\"https:\/\/www.budskap.se\/\",\"logo\":{\"@type\":\"ImageObject\",\"inLanguage\":\"sv-SE\",\"@id\":\"https:\/\/www.budskap.se\/#\/schema\/logo\/image\/\",\"url\":\"https:\/\/www.budskap.se\/wp-content\/uploads\/2024\/11\/Logo-Budskap-vit.png\",\"contentUrl\":\"https:\/\/www.budskap.se\/wp-content\/uploads\/2024\/11\/Logo-Budskap-vit.png\",\"width\":213,\"height\":50,\"caption\":\"Budskap.se\"},\"image\":{\"@id\":\"https:\/\/www.budskap.se\/#\/schema\/logo\/image\/\"}}]}<\/script>\n<!-- \/ Yoast SEO plugin. -->","yoast_head_json":{"title":"Tj\u00e4nster - Budskap.se","robots":{"index":"index","follow":"follow","max-snippet":"max-snippet:-1","max-image-preview":"max-image-preview:large","max-video-preview":"max-video-preview:-1"},"canonical":"https:\/\/www.budskap.se\/?page_id=165","og_locale":"sv_SE","og_type":"article","og_title":"Tj\u00e4nster - Budskap.se","og_description":"Tj\u00e4nster Operativt och strategiskt st\u00f6d inom kommunikation. Inneh\u00e5llsproduktion Att skapa inneh\u00e5ll som lockar och f\u00e5ngar intresset \u00e4r en stor konst. Inneh\u00e5ll ska vara anpassat med budskap som ligger i linje med organisationens v\u00e4rderingar och m\u00e5l och kunna vara b\u00e5de s\u00e4ljande och informativt. N\u00e4r det dessutom \u00e4r inkluderande och normbrytande n\u00e5r det verkligen ut till hela [&hellip;]","og_url":"https:\/\/www.budskap.se\/?page_id=165","og_site_name":"Budskap.se","article_modified_time":"2025-01-06T12:12:42+00:00","og_image":[{"url":"https:\/\/www.budskap.se\/wp-content\/uploads\/2024\/11\/Penna-vit-1.png","type":"","width":"","height":""}],"twitter_card":"summary_large_image","twitter_misc":{"Ber\u00e4knad l\u00e4stid":"2 minuter"},"schema":{"@context":"https:\/\/schema.org","@graph":[{"@type":"WebPage","@id":"https:\/\/www.budskap.se\/?page_id=165","url":"https:\/\/www.budskap.se\/?page_id=165","name":"Tj\u00e4nster - Budskap.se","isPartOf":{"@id":"https:\/\/www.budskap.se\/#website"},"primaryImageOfPage":{"@id":"https:\/\/www.budskap.se\/?page_id=165#primaryimage"},"image":{"@id":"https:\/\/www.budskap.se\/?page_id=165#primaryimage"},"thumbnailUrl":"https:\/\/www.budskap.se\/wp-content\/uploads\/2024\/11\/Penna-vit-1.png","datePublished":"2025-01-06T11:44:51+00:00","dateModified":"2025-01-06T12:12:42+00:00","breadcrumb":{"@id":"https:\/\/www.budskap.se\/?page_id=165#breadcrumb"},"inLanguage":"sv-SE","potentialAction":[{"@type":"ReadAction","target":["https:\/\/www.budskap.se\/?page_id=165"]}]},{"@type":"ImageObject","inLanguage":"sv-SE","@id":"https:\/\/www.budskap.se\/?page_id=165#primaryimage","url":"https:\/\/www.budskap.se\/wp-content\/uploads\/2024\/11\/Penna-vit-1.png","contentUrl":"https:\/\/www.budskap.se\/wp-content\/uploads\/2024\/11\/Penna-vit-1.png","width":834,"height":834},{"@type":"BreadcrumbList","@id":"https:\/\/www.budskap.se\/?page_id=165#breadcrumb","itemListElement":[{"@type":"ListItem","position":1,"name":"Home","item":"https:\/\/www.budskap.se\/"},{"@type":"ListItem","position":2,"name":"Tj\u00e4nster"}]},{"@type":"WebSite","@id":"https:\/\/www.budskap.se\/#website","url":"https:\/\/www.budskap.se\/","name":"Budskap.se","description":"Kommunikationstj\u00e4nster","publisher":{"@id":"https:\/\/www.budskap.se\/#organization"},"potentialAction":[{"@type":"SearchAction","target":{"@type":"EntryPoint","urlTemplate":"https:\/\/www.budskap.se\/?s={search_term_string}"},"query-input":{"@type":"PropertyValueSpecification","valueRequired":true,"valueName":"search_term_string"}}],"inLanguage":"sv-SE"},{"@type":"Organization","@id":"https:\/\/www.budskap.se\/#organization","name":"Budskap.se","url":"https:\/\/www.budskap.se\/","logo":{"@type":"ImageObject","inLanguage":"sv-SE","@id":"https:\/\/www.budskap.se\/#\/schema\/logo\/image\/","url":"https:\/\/www.budskap.se\/wp-content\/uploads\/2024\/11\/Logo-Budskap-vit.png","contentUrl":"https:\/\/www.budskap.se\/wp-content\/uploads\/2024\/11\/Logo-Budskap-vit.png","width":213,"height":50,"caption":"Budskap.se"},"image":{"@id":"https:\/\/www.budskap.se\/#\/schema\/logo\/image\/"}}]}},"_links":{"self":[{"href":"https:\/\/www.budskap.se\/index.php?rest_route=\/wp\/v2\/pages\/165"}],"collection":[{"href":"https:\/\/www.budskap.se\/index.php?rest_route=\/wp\/v2\/pages"}],"about":[{"href":"https:\/\/www.budskap.se\/index.php?rest_route=\/wp\/v2\/types\/page"}],"author":[{"embeddable":true,"href":"https:\/\/www.budskap.se\/index.php?rest_route=\/wp\/v2\/users\/1"}],"replies":[{"embeddable":true,"href":"https:\/\/www.budskap.se\/index.php?rest_route=%2Fwp%2Fv2%2Fcomments&post=165"}],"version-history":[{"count":6,"href":"https:\/\/www.budskap.se\/index.php?rest_route=\/wp\/v2\/pages\/165\/revisions"}],"predecessor-version":[{"id":268,"href":"https:\/\/www.budskap.se\/index.php?rest_route=\/wp\/v2\/pages\/165\/revisions\/268"}],"wp:attachment":[{"href":"https:\/\/www.budskap.se\/index.php?rest_route=%2Fwp%2Fv2%2Fmedia&parent=165"}],"curies":[{"name":"wp","href":"https:\/\/api.w.org\/{rel}","templated":true}]}}