{"id":161,"date":"2025-01-07T18:46:20","date_gmt":"2025-01-07T17:46:20","guid":{"rendered":"https:\/\/www.budskap.se\/?page_id=161"},"modified":"2025-01-13T19:29:04","modified_gmt":"2025-01-13T18:29:04","slug":"om-budskap","status":"publish","type":"page","link":"https:\/\/www.budskap.se\/?page_id=161","title":{"rendered":"Om budskap"},"content":{"rendered":"\t\t<div data-elementor-type=\"wp-page\" data-elementor-id=\"161\" class=\"elementor elementor-161\">\n\t\t\t\t\t\t<section class=\"elementor-section elementor-top-section elementor-element elementor-element-569c84fc elementor-section-height-min-height elementor-section-content-middle elementor-section-items-stretch elementor-section-boxed elementor-section-height-default\" data-id=\"569c84fc\" data-element_type=\"section\" data-settings=\"{&quot;background_background&quot;:&quot;classic&quot;}\">\n\t\t\t\t\t\t<div class=\"elementor-container elementor-column-gap-default\">\n\t\t\t\t\t<div class=\"elementor-column elementor-col-100 elementor-top-column elementor-element elementor-element-a5da57b\" data-id=\"a5da57b\" data-element_type=\"column\">\n\t\t\t<div class=\"elementor-widget-wrap elementor-element-populated\">\n\t\t\t\t\t\t<div class=\"elementor-element elementor-element-43b41dba elementor-widget elementor-widget-heading\" data-id=\"43b41dba\" data-element_type=\"widget\" data-widget_type=\"heading.default\">\n\t\t\t\t<div class=\"elementor-widget-container\">\n\t\t\t\t\t<h2 class=\"elementor-heading-title elementor-size-default\">Arbeta med budskapen<\/h2>\t\t\t\t<\/div>\n\t\t\t\t<\/div>\n\t\t\t\t\t<\/div>\n\t\t<\/div>\n\t\t\t\t\t<\/div>\n\t\t<\/section>\n\t\t\t\t<section class=\"elementor-section elementor-top-section elementor-element elementor-element-544b8136 elementor-section-boxed elementor-section-height-default elementor-section-height-default\" data-id=\"544b8136\" data-element_type=\"section\">\n\t\t\t\t\t\t<div class=\"elementor-container elementor-column-gap-default\">\n\t\t\t\t\t<div class=\"elementor-column elementor-col-66 elementor-top-column elementor-element elementor-element-70f61c29\" data-id=\"70f61c29\" data-element_type=\"column\">\n\t\t\t<div class=\"elementor-widget-wrap elementor-element-populated\">\n\t\t\t\t\t\t<div class=\"elementor-element elementor-element-568d8146 elementor-widget__width-initial elementor-widget elementor-widget-heading\" data-id=\"568d8146\" data-element_type=\"widget\" data-widget_type=\"heading.default\">\n\t\t\t\t<div class=\"elementor-widget-container\">\n\t\t\t\t\t<h1 class=\"elementor-heading-title elementor-size-xl\">Budskap och kommunikation<\/h1>\t\t\t\t<\/div>\n\t\t\t\t<\/div>\n\t\t\t\t<div class=\"elementor-element elementor-element-68fc3569 elementor-widget__width-initial elementor-widget elementor-widget-text-editor\" data-id=\"68fc3569\" data-element_type=\"widget\" data-widget_type=\"text-editor.default\">\n\t\t\t\t<div class=\"elementor-widget-container\">\n\t\t\t\t\t\t\t\t\t<p>V\u00e5r v\u00e4rld \u00e4r full av budskap. Vi \u00e4r alla delaktiga i en st\u00e4ndigt p\u00e5g\u00e5ende process d\u00e4r vi p\u00e5verkar med olika budskap och l\u00e5ter oss p\u00e5verkas av budskap. Det \u00e4r inte konstigt att det \u00e4r s\u00e5. Evolutionen har gjort just detta till m\u00e4nsklighetens framg\u00e5ngsfaktor. Att kunna \u00f6verf\u00f6ra id\u00e9er och tankar till varandra, att resonera och argumentera, att komma \u00f6verens och enas i en gemensam uppfattning, ett m\u00e5l eller en v\u00e4rldsbild. Hur jag formulerar och f\u00f6rmedlar mina budskap till min omv\u00e4rld p\u00e5verkar f\u00f6rst\u00e5s hela mitt f\u00f6rh\u00e5llande till omv\u00e4rlden.<\/p>\n<p>De flesta av oss har ambitioner. Att f\u00e5 det d\u00e4r jobbet, att ha m\u00e5nga v\u00e4nner, att vara en god f\u00f6r\u00e4lder, att p\u00e5verka politiken, att f\u00f6rb\u00e4ttra v\u00e4rlden eller kanske bara att bli k\u00e4nd och ber\u00f6md. Oavsett vilket, m\u00f6jligheterna till framg\u00e5ng \u00f6kar betydligt om man \u00e4r medveten om vilka budskap man s\u00e4nder, medvetet eller omedvetet, och hur man sj\u00e4lv kan bli mer framg\u00e5ngsrik genom att arbeta med de budskap man faktiskt vill f\u00f6rmedla.<\/p>\n<p>Det finns ocks\u00e5 m\u00e5nga sk\u00e4l till att vara medveten om n\u00e4r vi sj\u00e4lva blir utsatta f\u00f6r p\u00e5verkan. Det viktigaste \u00e4r kanske att ge oss sj\u00e4lva m\u00f6jlighet att reflektera \u00f6ver de budskap vi m\u00f6ter.&nbsp;<\/p>\n<p>I dagens samh\u00e4lle tas det f\u00f6r givet att vi alla ska kunna kommunicera p\u00e5 m\u00e5nga olika s\u00e4tt. Vanligen i form av tal eller skrift som vi f\u00f6rv\u00e4ntas kunna anpassa och paketera till en m\u00e4ngd olika situationer och i olika media. Det g\u00e4ller privat, i f\u00f6reningslivet, i v\u00e5r utbildning och inte minst i yrkeslivet d\u00e4r det ofta st\u00e4lls lite h\u00f6gre krav p\u00e5 v\u00e5r kommunikativa f\u00f6rm\u00e5ga. Det h\u00e4r \u00e4r l\u00e5ngt ifr\u00e5n problemfritt. De flesta av oss m\u00e5ste jobba med fr\u00e5gan och tr\u00e4na upp sin f\u00f6rm\u00e5ga. Som tur \u00e4r finns det en hel del l\u00e4rdomar att h\u00e4mta ur historien och det finns metoder som ofta \u00e4r ganska enkla. Inspiration och f\u00f6rst\u00e5else \u00e4r ocks\u00e5 en bra utg\u00e5ngspunkt.<\/p>\n<p><b>Budskap i den kommunikativa organisationen<\/b><\/p>\n<p>En kommunikativ organisation \u00e4r \u00f6ppen f\u00f6r dialog och alla tar ansvar f\u00f6r att kommunikationen fungerar. Dialog f\u00f6rs inte bara uppifr\u00e5n och ned utan dialog p\u00e5g\u00e5r i alla riktningar. I en kommunikativ organisation uppmuntras dialogen och alla ges m\u00f6jlighet att p\u00e5verka. I en kommunikativ organisation r\u00e5der samf\u00f6rst\u00e5nd om organisationens budskap.<\/p>\t\t\t\t\t\t\t\t<\/div>\n\t\t\t\t<\/div>\n\t\t\t\t<div class=\"elementor-element elementor-element-264719a8 elementor-align-left elementor-invisible elementor-widget elementor-widget-button\" data-id=\"264719a8\" data-element_type=\"widget\" data-settings=\"{&quot;_animation&quot;:&quot;fadeIn&quot;,&quot;_animation_delay&quot;:400}\" data-widget_type=\"button.default\">\n\t\t\t\t<div class=\"elementor-widget-container\">\n\t\t\t\t\t\t\t\t\t<div class=\"elementor-button-wrapper\">\n\t\t\t\t\t<a class=\"elementor-button elementor-button-link elementor-size-sm\" href=\"https:\/\/www.budskap.se\/?page_id=384\" target=\"_blank\">\n\t\t\t\t\t\t<span class=\"elementor-button-content-wrapper\">\n\t\t\t\t\t\t\t\t\t<span class=\"elementor-button-text\">Mer om den kommunikativa organisationen<\/span>\n\t\t\t\t\t<\/span>\n\t\t\t\t\t<\/a>\n\t\t\t\t<\/div>\n\t\t\t\t\t\t\t\t<\/div>\n\t\t\t\t<\/div>\n\t\t\t\t<div class=\"elementor-element elementor-element-5b7fc7bd elementor-widget__width-initial elementor-widget elementor-widget-heading\" data-id=\"5b7fc7bd\" data-element_type=\"widget\" data-widget_type=\"heading.default\">\n\t\t\t\t<div class=\"elementor-widget-container\">\n\t\t\t\t\t<h2 class=\"elementor-heading-title elementor-size-xl\">Arbeta operativt och strategiskt med budskap i organisationen<\/h2>\t\t\t\t<\/div>\n\t\t\t\t<\/div>\n\t\t\t\t<div class=\"elementor-element elementor-element-1d8f4752 elementor-widget elementor-widget-image\" data-id=\"1d8f4752\" data-element_type=\"widget\" data-widget_type=\"image.default\">\n\t\t\t\t<div class=\"elementor-widget-container\">\n\t\t\t\t\t\t\t\t\t\t\t\t\t\t\t<img fetchpriority=\"high\" decoding=\"async\" width=\"1920\" height=\"480\" src=\"https:\/\/www.budskap.se\/wp-content\/uploads\/2025\/01\/Modell-budskap-2.png\" class=\"attachment-full size-full wp-image-195\" alt=\"\" srcset=\"https:\/\/www.budskap.se\/wp-content\/uploads\/2025\/01\/Modell-budskap-2.png 1920w, https:\/\/www.budskap.se\/wp-content\/uploads\/2025\/01\/Modell-budskap-2-300x75.png 300w, https:\/\/www.budskap.se\/wp-content\/uploads\/2025\/01\/Modell-budskap-2-1024x256.png 1024w, https:\/\/www.budskap.se\/wp-content\/uploads\/2025\/01\/Modell-budskap-2-768x192.png 768w, https:\/\/www.budskap.se\/wp-content\/uploads\/2025\/01\/Modell-budskap-2-1536x384.png 1536w\" sizes=\"(max-width: 1920px) 100vw, 1920px\" \/>\t\t\t\t\t\t\t\t\t\t\t\t\t\t\t<\/div>\n\t\t\t\t<\/div>\n\t\t\t\t<div class=\"elementor-element elementor-element-5b4b4c2 elementor-widget__width-initial elementor-widget elementor-widget-heading\" data-id=\"5b4b4c2\" data-element_type=\"widget\" data-widget_type=\"heading.default\">\n\t\t\t\t<div class=\"elementor-widget-container\">\n\t\t\t\t\t<h2 class=\"elementor-heading-title elementor-size-xl\">Arbetsmodell<\/h2>\t\t\t\t<\/div>\n\t\t\t\t<\/div>\n\t\t\t\t<div class=\"elementor-element elementor-element-7ccc7b5 elementor-widget__width-initial elementor-widget elementor-widget-text-editor\" data-id=\"7ccc7b5\" data-element_type=\"widget\" data-widget_type=\"text-editor.default\">\n\t\t\t\t<div class=\"elementor-widget-container\">\n\t\t\t\t\t\t\t\t\t<p><span style=\"color: var( --e-global-color-text ); letter-spacing: 0px; word-spacing: var( --e-global-typography-text-word-spacing );\"><b>Intressant?\u00a0\u00a0<\/b><\/span><\/p><p>Hur kan ni arbeta med budskap i organisationen? Vill du veta mer om<b> <\/b>att bygga en kommunikativ organisation?\u00a0<a href=\"https:\/\/www.budskap.se\/?page_id=159\">Kontakt<\/a><a href=\"http:\/\/www.boostyourmessage.sekontakt\/\">.<\/a><\/p>\t\t\t\t\t\t\t\t<\/div>\n\t\t\t\t<\/div>\n\t\t\t\t\t<\/div>\n\t\t<\/div>\n\t\t\t\t<div class=\"elementor-column elementor-col-33 elementor-top-column elementor-element elementor-element-63f316ac\" data-id=\"63f316ac\" data-element_type=\"column\">\n\t\t\t<div class=\"elementor-widget-wrap elementor-element-populated\">\n\t\t\t\t\t\t<div class=\"elementor-element elementor-element-5398afc6 elementor-widget__width-initial elementor-widget elementor-widget-heading\" data-id=\"5398afc6\" data-element_type=\"widget\" data-widget_type=\"heading.default\">\n\t\t\t\t<div class=\"elementor-widget-container\">\n\t\t\t\t\t<h2 class=\"elementor-heading-title elementor-size-default\"><a href=\"http:\/\/boostyourmessage.se\/kontakt\/\">Vill du veta mer?<\/a><\/h2>\t\t\t\t<\/div>\n\t\t\t\t<\/div>\n\t\t\t\t<div class=\"elementor-element elementor-element-7886ee93 elementor-widget-divider--view-line elementor-widget elementor-widget-divider\" data-id=\"7886ee93\" data-element_type=\"widget\" data-widget_type=\"divider.default\">\n\t\t\t\t<div class=\"elementor-widget-container\">\n\t\t\t\t\t\t\t<div class=\"elementor-divider\">\n\t\t\t<span class=\"elementor-divider-separator\">\n\t\t\t\t\t\t<\/span>\n\t\t<\/div>\n\t\t\t\t\t\t<\/div>\n\t\t\t\t<\/div>\n\t\t\t\t<div class=\"elementor-element elementor-element-74bb3fa7 elementor-widget elementor-widget-image\" data-id=\"74bb3fa7\" data-element_type=\"widget\" data-widget_type=\"image.default\">\n\t\t\t\t<div class=\"elementor-widget-container\">\n\t\t\t\t\t\t\t\t\t\t\t\t\t\t\t\t<a href=\"https:\/\/www.budskap.se\/?page_id=157\">\n\t\t\t\t\t\t\t<img decoding=\"async\" width=\"800\" height=\"800\" src=\"https:\/\/www.budskap.se\/wp-content\/uploads\/2025\/01\/alexandre-pellaes-6vAjp0pscX0-unsplash-20x20-1-1024x1024.jpg\" class=\"attachment-large size-large wp-image-184\" alt=\"\" srcset=\"https:\/\/www.budskap.se\/wp-content\/uploads\/2025\/01\/alexandre-pellaes-6vAjp0pscX0-unsplash-20x20-1-1024x1024.jpg 1024w, https:\/\/www.budskap.se\/wp-content\/uploads\/2025\/01\/alexandre-pellaes-6vAjp0pscX0-unsplash-20x20-1-300x300.jpg 300w, https:\/\/www.budskap.se\/wp-content\/uploads\/2025\/01\/alexandre-pellaes-6vAjp0pscX0-unsplash-20x20-1-150x150.jpg 150w, https:\/\/www.budskap.se\/wp-content\/uploads\/2025\/01\/alexandre-pellaes-6vAjp0pscX0-unsplash-20x20-1-768x768.jpg 768w, https:\/\/www.budskap.se\/wp-content\/uploads\/2025\/01\/alexandre-pellaes-6vAjp0pscX0-unsplash-20x20-1.jpg 1181w\" sizes=\"(max-width: 800px) 100vw, 800px\" \/>\t\t\t\t\t\t\t\t<\/a>\n\t\t\t\t\t\t\t\t\t\t\t\t\t\t\t<\/div>\n\t\t\t\t<\/div>\n\t\t\t\t<div class=\"elementor-element elementor-element-5112c509 elementor-widget elementor-widget-heading\" data-id=\"5112c509\" data-element_type=\"widget\" data-widget_type=\"heading.default\">\n\t\t\t\t<div class=\"elementor-widget-container\">\n\t\t\t\t\t<h2 class=\"elementor-heading-title elementor-size-default\"><a href=\"https:\/\/www.budskap.se\/?page_id=157\">Inspirerande f\u00f6redrag<\/a><\/h2>\t\t\t\t<\/div>\n\t\t\t\t<\/div>\n\t\t\t\t\t<\/div>\n\t\t<\/div>\n\t\t\t\t\t<\/div>\n\t\t<\/section>\n\t\t\t\t<\/div>\n\t\t","protected":false},"excerpt":{"rendered":"<p>Arbeta med budskapen Budskap och kommunikation V\u00e5r v\u00e4rld \u00e4r full av budskap. Vi \u00e4r alla delaktiga i en st\u00e4ndigt p\u00e5g\u00e5ende process d\u00e4r vi p\u00e5verkar med olika budskap och l\u00e5ter oss p\u00e5verkas av budskap. Det \u00e4r inte konstigt att det \u00e4r s\u00e5. Evolutionen har gjort just detta till m\u00e4nsklighetens framg\u00e5ngsfaktor. Att kunna \u00f6verf\u00f6ra id\u00e9er och tankar [&hellip;]<\/p>\n","protected":false},"author":1,"featured_media":0,"parent":0,"menu_order":0,"comment_status":"closed","ping_status":"closed","template":"","meta":{"footnotes":""},"class_list":["post-161","page","type-page","status-publish","hentry"],"yoast_head":"<!-- This site is optimized with the Yoast SEO plugin v25.3 - https:\/\/yoast.com\/wordpress\/plugins\/seo\/ -->\n<title>Om budskap - Budskap.se<\/title>\n<meta name=\"robots\" content=\"index, follow, max-snippet:-1, max-image-preview:large, max-video-preview:-1\" \/>\n<link rel=\"canonical\" href=\"https:\/\/www.budskap.se\/?page_id=161\" \/>\n<meta property=\"og:locale\" content=\"sv_SE\" \/>\n<meta property=\"og:type\" content=\"article\" \/>\n<meta property=\"og:title\" content=\"Om budskap - Budskap.se\" \/>\n<meta property=\"og:description\" content=\"Arbeta med budskapen Budskap och kommunikation V\u00e5r v\u00e4rld \u00e4r full av budskap. Vi \u00e4r alla delaktiga i en st\u00e4ndigt p\u00e5g\u00e5ende process d\u00e4r vi p\u00e5verkar med olika budskap och l\u00e5ter oss p\u00e5verkas av budskap. Det \u00e4r inte konstigt att det \u00e4r s\u00e5. Evolutionen har gjort just detta till m\u00e4nsklighetens framg\u00e5ngsfaktor. Att kunna \u00f6verf\u00f6ra id\u00e9er och tankar [&hellip;]\" \/>\n<meta property=\"og:url\" content=\"https:\/\/www.budskap.se\/?page_id=161\" \/>\n<meta property=\"og:site_name\" content=\"Budskap.se\" \/>\n<meta property=\"article:modified_time\" content=\"2025-01-13T18:29:04+00:00\" \/>\n<meta property=\"og:image\" content=\"https:\/\/www.budskap.se\/wp-content\/uploads\/2025\/01\/Modell-budskap-2.png\" \/>\n<meta name=\"twitter:card\" content=\"summary_large_image\" \/>\n<meta name=\"twitter:label1\" content=\"Ber\u00e4knad l\u00e4stid\" \/>\n\t<meta name=\"twitter:data1\" content=\"3 minuter\" \/>\n<script type=\"application\/ld+json\" class=\"yoast-schema-graph\">{\"@context\":\"https:\/\/schema.org\",\"@graph\":[{\"@type\":\"WebPage\",\"@id\":\"https:\/\/www.budskap.se\/?page_id=161\",\"url\":\"https:\/\/www.budskap.se\/?page_id=161\",\"name\":\"Om budskap - Budskap.se\",\"isPartOf\":{\"@id\":\"https:\/\/www.budskap.se\/#website\"},\"primaryImageOfPage\":{\"@id\":\"https:\/\/www.budskap.se\/?page_id=161#primaryimage\"},\"image\":{\"@id\":\"https:\/\/www.budskap.se\/?page_id=161#primaryimage\"},\"thumbnailUrl\":\"https:\/\/www.budskap.se\/wp-content\/uploads\/2025\/01\/Modell-budskap-2.png\",\"datePublished\":\"2025-01-07T17:46:20+00:00\",\"dateModified\":\"2025-01-13T18:29:04+00:00\",\"breadcrumb\":{\"@id\":\"https:\/\/www.budskap.se\/?page_id=161#breadcrumb\"},\"inLanguage\":\"sv-SE\",\"potentialAction\":[{\"@type\":\"ReadAction\",\"target\":[\"https:\/\/www.budskap.se\/?page_id=161\"]}]},{\"@type\":\"ImageObject\",\"inLanguage\":\"sv-SE\",\"@id\":\"https:\/\/www.budskap.se\/?page_id=161#primaryimage\",\"url\":\"https:\/\/www.budskap.se\/wp-content\/uploads\/2025\/01\/Modell-budskap-2.png\",\"contentUrl\":\"https:\/\/www.budskap.se\/wp-content\/uploads\/2025\/01\/Modell-budskap-2.png\",\"width\":1920,\"height\":480},{\"@type\":\"BreadcrumbList\",\"@id\":\"https:\/\/www.budskap.se\/?page_id=161#breadcrumb\",\"itemListElement\":[{\"@type\":\"ListItem\",\"position\":1,\"name\":\"Home\",\"item\":\"https:\/\/www.budskap.se\/\"},{\"@type\":\"ListItem\",\"position\":2,\"name\":\"Om budskap\"}]},{\"@type\":\"WebSite\",\"@id\":\"https:\/\/www.budskap.se\/#website\",\"url\":\"https:\/\/www.budskap.se\/\",\"name\":\"Budskap.se\",\"description\":\"Kommunikationstj\u00e4nster\",\"publisher\":{\"@id\":\"https:\/\/www.budskap.se\/#organization\"},\"potentialAction\":[{\"@type\":\"SearchAction\",\"target\":{\"@type\":\"EntryPoint\",\"urlTemplate\":\"https:\/\/www.budskap.se\/?s={search_term_string}\"},\"query-input\":{\"@type\":\"PropertyValueSpecification\",\"valueRequired\":true,\"valueName\":\"search_term_string\"}}],\"inLanguage\":\"sv-SE\"},{\"@type\":\"Organization\",\"@id\":\"https:\/\/www.budskap.se\/#organization\",\"name\":\"Budskap.se\",\"url\":\"https:\/\/www.budskap.se\/\",\"logo\":{\"@type\":\"ImageObject\",\"inLanguage\":\"sv-SE\",\"@id\":\"https:\/\/www.budskap.se\/#\/schema\/logo\/image\/\",\"url\":\"https:\/\/www.budskap.se\/wp-content\/uploads\/2024\/11\/Logo-Budskap-vit.png\",\"contentUrl\":\"https:\/\/www.budskap.se\/wp-content\/uploads\/2024\/11\/Logo-Budskap-vit.png\",\"width\":213,\"height\":50,\"caption\":\"Budskap.se\"},\"image\":{\"@id\":\"https:\/\/www.budskap.se\/#\/schema\/logo\/image\/\"}}]}<\/script>\n<!-- \/ Yoast SEO plugin. -->","yoast_head_json":{"title":"Om budskap - Budskap.se","robots":{"index":"index","follow":"follow","max-snippet":"max-snippet:-1","max-image-preview":"max-image-preview:large","max-video-preview":"max-video-preview:-1"},"canonical":"https:\/\/www.budskap.se\/?page_id=161","og_locale":"sv_SE","og_type":"article","og_title":"Om budskap - Budskap.se","og_description":"Arbeta med budskapen Budskap och kommunikation V\u00e5r v\u00e4rld \u00e4r full av budskap. Vi \u00e4r alla delaktiga i en st\u00e4ndigt p\u00e5g\u00e5ende process d\u00e4r vi p\u00e5verkar med olika budskap och l\u00e5ter oss p\u00e5verkas av budskap. Det \u00e4r inte konstigt att det \u00e4r s\u00e5. Evolutionen har gjort just detta till m\u00e4nsklighetens framg\u00e5ngsfaktor. Att kunna \u00f6verf\u00f6ra id\u00e9er och tankar [&hellip;]","og_url":"https:\/\/www.budskap.se\/?page_id=161","og_site_name":"Budskap.se","article_modified_time":"2025-01-13T18:29:04+00:00","og_image":[{"url":"https:\/\/www.budskap.se\/wp-content\/uploads\/2025\/01\/Modell-budskap-2.png","type":"","width":"","height":""}],"twitter_card":"summary_large_image","twitter_misc":{"Ber\u00e4knad l\u00e4stid":"3 minuter"},"schema":{"@context":"https:\/\/schema.org","@graph":[{"@type":"WebPage","@id":"https:\/\/www.budskap.se\/?page_id=161","url":"https:\/\/www.budskap.se\/?page_id=161","name":"Om budskap - Budskap.se","isPartOf":{"@id":"https:\/\/www.budskap.se\/#website"},"primaryImageOfPage":{"@id":"https:\/\/www.budskap.se\/?page_id=161#primaryimage"},"image":{"@id":"https:\/\/www.budskap.se\/?page_id=161#primaryimage"},"thumbnailUrl":"https:\/\/www.budskap.se\/wp-content\/uploads\/2025\/01\/Modell-budskap-2.png","datePublished":"2025-01-07T17:46:20+00:00","dateModified":"2025-01-13T18:29:04+00:00","breadcrumb":{"@id":"https:\/\/www.budskap.se\/?page_id=161#breadcrumb"},"inLanguage":"sv-SE","potentialAction":[{"@type":"ReadAction","target":["https:\/\/www.budskap.se\/?page_id=161"]}]},{"@type":"ImageObject","inLanguage":"sv-SE","@id":"https:\/\/www.budskap.se\/?page_id=161#primaryimage","url":"https:\/\/www.budskap.se\/wp-content\/uploads\/2025\/01\/Modell-budskap-2.png","contentUrl":"https:\/\/www.budskap.se\/wp-content\/uploads\/2025\/01\/Modell-budskap-2.png","width":1920,"height":480},{"@type":"BreadcrumbList","@id":"https:\/\/www.budskap.se\/?page_id=161#breadcrumb","itemListElement":[{"@type":"ListItem","position":1,"name":"Home","item":"https:\/\/www.budskap.se\/"},{"@type":"ListItem","position":2,"name":"Om budskap"}]},{"@type":"WebSite","@id":"https:\/\/www.budskap.se\/#website","url":"https:\/\/www.budskap.se\/","name":"Budskap.se","description":"Kommunikationstj\u00e4nster","publisher":{"@id":"https:\/\/www.budskap.se\/#organization"},"potentialAction":[{"@type":"SearchAction","target":{"@type":"EntryPoint","urlTemplate":"https:\/\/www.budskap.se\/?s={search_term_string}"},"query-input":{"@type":"PropertyValueSpecification","valueRequired":true,"valueName":"search_term_string"}}],"inLanguage":"sv-SE"},{"@type":"Organization","@id":"https:\/\/www.budskap.se\/#organization","name":"Budskap.se","url":"https:\/\/www.budskap.se\/","logo":{"@type":"ImageObject","inLanguage":"sv-SE","@id":"https:\/\/www.budskap.se\/#\/schema\/logo\/image\/","url":"https:\/\/www.budskap.se\/wp-content\/uploads\/2024\/11\/Logo-Budskap-vit.png","contentUrl":"https:\/\/www.budskap.se\/wp-content\/uploads\/2024\/11\/Logo-Budskap-vit.png","width":213,"height":50,"caption":"Budskap.se"},"image":{"@id":"https:\/\/www.budskap.se\/#\/schema\/logo\/image\/"}}]}},"_links":{"self":[{"href":"https:\/\/www.budskap.se\/index.php?rest_route=\/wp\/v2\/pages\/161"}],"collection":[{"href":"https:\/\/www.budskap.se\/index.php?rest_route=\/wp\/v2\/pages"}],"about":[{"href":"https:\/\/www.budskap.se\/index.php?rest_route=\/wp\/v2\/types\/page"}],"author":[{"embeddable":true,"href":"https:\/\/www.budskap.se\/index.php?rest_route=\/wp\/v2\/users\/1"}],"replies":[{"embeddable":true,"href":"https:\/\/www.budskap.se\/index.php?rest_route=%2Fwp%2Fv2%2Fcomments&post=161"}],"version-history":[{"count":6,"href":"https:\/\/www.budskap.se\/index.php?rest_route=\/wp\/v2\/pages\/161\/revisions"}],"predecessor-version":[{"id":413,"href":"https:\/\/www.budskap.se\/index.php?rest_route=\/wp\/v2\/pages\/161\/revisions\/413"}],"wp:attachment":[{"href":"https:\/\/www.budskap.se\/index.php?rest_route=%2Fwp%2Fv2%2Fmedia&parent=161"}],"curies":[{"name":"wp","href":"https:\/\/api.w.org\/{rel}","templated":true}]}}