{"id":159,"date":"2025-01-06T17:10:49","date_gmt":"2025-01-06T16:10:49","guid":{"rendered":"https:\/\/www.budskap.se\/?page_id=159"},"modified":"2025-01-07T18:27:40","modified_gmt":"2025-01-07T17:27:40","slug":"kontakt","status":"publish","type":"page","link":"https:\/\/www.budskap.se\/?page_id=159","title":{"rendered":"Kontakt"},"content":{"rendered":"\t\t<div data-elementor-type=\"wp-page\" data-elementor-id=\"159\" class=\"elementor elementor-159\">\n\t\t\t\t\t\t<section class=\"elementor-section elementor-top-section elementor-element elementor-element-170b4b36 elementor-section-boxed elementor-section-height-default elementor-section-height-default\" data-id=\"170b4b36\" data-element_type=\"section\">\n\t\t\t\t\t\t<div class=\"elementor-container elementor-column-gap-default\">\n\t\t\t\t\t<div class=\"elementor-column elementor-col-66 elementor-top-column elementor-element elementor-element-588e282\" data-id=\"588e282\" data-element_type=\"column\">\n\t\t\t<div class=\"elementor-widget-wrap elementor-element-populated\">\n\t\t\t\t\t\t<div class=\"elementor-element elementor-element-f4627e3 elementor-widget elementor-widget-text-editor\" data-id=\"f4627e3\" data-element_type=\"widget\" data-widget_type=\"text-editor.default\">\n\t\t\t\t<div class=\"elementor-widget-container\">\n\t\t\t\t\t\t\t\t\t<p>Kontakt<\/p>\t\t\t\t\t\t\t\t<\/div>\n\t\t\t\t<\/div>\n\t\t\t\t<div class=\"elementor-element elementor-element-dc3db47 elementor-widget elementor-widget-text-editor\" data-id=\"dc3db47\" data-element_type=\"widget\" data-widget_type=\"text-editor.default\">\n\t\t\t\t<div class=\"elementor-widget-container\">\n\t\t\t\t\t\t\t\t\t<p>Anv\u00e4nd kontakt kontaktformul\u00e4ret nedan eller mejla till<\/p><p>lars snabel-a budskap punkt se<\/p>\t\t\t\t\t\t\t\t<\/div>\n\t\t\t\t<\/div>\n\t\t\t\t<div class=\"elementor-element elementor-element-3cdf6710 elementor-widget elementor-widget-wpforms\" data-id=\"3cdf6710\" data-element_type=\"widget\" data-widget_type=\"wpforms.default\">\n\t\t\t\t<div class=\"elementor-widget-container\">\n\t\t\t\t\t<div class=\"wpforms-container wpforms-container-full wpforms-render-modern\" id=\"wpforms-269\"><form id=\"wpforms-form-269\" class=\"wpforms-validate wpforms-form wpforms-ajax-form\" data-formid=\"269\" method=\"post\" enctype=\"multipart\/form-data\" action=\"\/index.php?rest_route=%2Fwp%2Fv2%2Fpages%2F159\" data-token=\"2164e17de7e1e0d6f15a2b6fc017c4e2\" data-token-time=\"1777609720\"><noscript class=\"wpforms-error-noscript\">Aktivera JavaScript i din webbl\u00e4sare f\u00f6r att fylla i formul\u00e4ret.<\/noscript><div class=\"wpforms-hidden\" id=\"wpforms-error-noscript\">Aktivera JavaScript i din webbl\u00e4sare f\u00f6r att fylla i formul\u00e4ret.<\/div><div class=\"wpforms-field-container\"><div id=\"wpforms-269-field_1-container\" class=\"wpforms-field wpforms-field-name\" data-field-id=\"1\"><label class=\"wpforms-field-label\" for=\"wpforms-269-field_1\">Namn <span class=\"wpforms-required-label\" aria-hidden=\"true\">*<\/span><\/label><input type=\"text\" id=\"wpforms-269-field_1\" class=\"wpforms-field-medium wpforms-field-required\" name=\"wpforms[fields][1]\" aria-errormessage=\"wpforms-269-field_1-error\" required><\/div>\t\t<div id=\"wpforms-269-field_4-container\"\n\t\t\tclass=\"wpforms-field wpforms-field-text\"\n\t\t\tdata-field-type=\"text\"\n\t\t\tdata-field-id=\"4\"\n\t\t\t>\n\t\t\t<label class=\"wpforms-field-label\" for=\"wpforms-269-field_4\" >Namn Meddelande E-post<\/label>\n\t\t\t<input type=\"text\" id=\"wpforms-269-field_4\" class=\"wpforms-field-medium\" name=\"wpforms[fields][4]\" >\n\t\t<\/div>\n\t\t<div id=\"wpforms-269-field_2-container\" class=\"wpforms-field wpforms-field-email\" data-field-id=\"2\"><label class=\"wpforms-field-label\" for=\"wpforms-269-field_2\">E-post <span class=\"wpforms-required-label\" aria-hidden=\"true\">*<\/span><\/label><input type=\"email\" id=\"wpforms-269-field_2\" class=\"wpforms-field-medium wpforms-field-required\" name=\"wpforms[fields][2]\" spellcheck=\"false\" aria-errormessage=\"wpforms-269-field_2-error\" required><\/div><div id=\"wpforms-269-field_3-container\" class=\"wpforms-field wpforms-field-textarea\" data-field-id=\"3\"><label class=\"wpforms-field-label\" for=\"wpforms-269-field_3\">Meddelande<\/label><textarea id=\"wpforms-269-field_3\" class=\"wpforms-field-medium\" name=\"wpforms[fields][3]\" aria-errormessage=\"wpforms-269-field_3-error\" ><\/textarea><\/div><script>\n\t\t\t\t( function() {\n\t\t\t\t\tconst style = document.createElement( 'style' );\n\t\t\t\t\tstyle.appendChild( document.createTextNode( '#wpforms-269-field_4-container { position: absolute !important; overflow: hidden !important; display: inline !important; height: 1px !important; width: 1px !important; z-index: -1000 !important; padding: 0 !important; } #wpforms-269-field_4-container input { visibility: hidden; } #wpforms-conversational-form-page #wpforms-269-field_4-container label { counter-increment: none; }' ) );\n\t\t\t\t\tdocument.head.appendChild( style );\n\t\t\t\t\tdocument.currentScript?.remove();\n\t\t\t\t} )();\n\t\t\t<\/script><\/div><!-- .wpforms-field-container --><div class=\"wpforms-recaptcha-container wpforms-is-recaptcha wpforms-is-recaptcha-type-invisible\" ><div class=\"g-recaptcha\" data-sitekey=\"6LfjYLsqAAAAABb9HTIY5Cf9qhjOen8mhr1vAzMl\" data-size=\"invisible\"><\/div><\/div><div class=\"wpforms-submit-container\" ><input type=\"hidden\" name=\"wpforms[id]\" value=\"269\"><input type=\"hidden\" name=\"page_title\" value=\"\"><input type=\"hidden\" name=\"page_url\" value=\"https:\/\/www.budskap.se\/index.php?rest_route=\/wp\/v2\/pages\/159\"><input type=\"hidden\" name=\"url_referer\" value=\"\"><button type=\"submit\" name=\"wpforms[submit]\" id=\"wpforms-submit-269\" class=\"wpforms-submit\" data-alt-text=\"Skickar \u2026\" data-submit-text=\"Skicka\" aria-live=\"assertive\" value=\"wpforms-submit\">Skicka<\/button><img decoding=\"async\" src=\"https:\/\/www.budskap.se\/wp-content\/plugins\/wpforms-lite\/assets\/images\/submit-spin.svg\" class=\"wpforms-submit-spinner\" style=\"display: none;\" width=\"26\" height=\"26\" alt=\"Laddar\"><\/div><\/form><\/div>  <!-- .wpforms-container -->\t\t\t\t<\/div>\n\t\t\t\t<\/div>\n\t\t\t\t\t<\/div>\n\t\t<\/div>\n\t\t\t\t<div class=\"elementor-column elementor-col-33 elementor-top-column elementor-element elementor-element-4bbc2abf\" data-id=\"4bbc2abf\" data-element_type=\"column\">\n\t\t\t<div class=\"elementor-widget-wrap elementor-element-populated\">\n\t\t\t\t\t\t<div class=\"elementor-element elementor-element-195aba4f elementor-widget elementor-widget-image\" data-id=\"195aba4f\" data-element_type=\"widget\" data-widget_type=\"image.default\">\n\t\t\t\t<div class=\"elementor-widget-container\">\n\t\t\t\t\t\t\t\t\t\t\t\t\t\t\t\t<a href=\"http:\/\/boostyourmessage.se\/strategisk-modell\/\">\n\t\t\t\t\t\t\t<img fetchpriority=\"high\" decoding=\"async\" width=\"800\" height=\"600\" src=\"https:\/\/www.budskap.se\/wp-content\/uploads\/2024\/11\/Styrelserum-scaled-1-1024x768.jpg\" class=\"attachment-large size-large wp-image-60\" alt=\"\" srcset=\"https:\/\/www.budskap.se\/wp-content\/uploads\/2024\/11\/Styrelserum-scaled-1-1024x768.jpg 1024w, https:\/\/www.budskap.se\/wp-content\/uploads\/2024\/11\/Styrelserum-scaled-1-300x225.jpg 300w, https:\/\/www.budskap.se\/wp-content\/uploads\/2024\/11\/Styrelserum-scaled-1-768x576.jpg 768w, https:\/\/www.budskap.se\/wp-content\/uploads\/2024\/11\/Styrelserum-scaled-1-1536x1152.jpg 1536w, https:\/\/www.budskap.se\/wp-content\/uploads\/2024\/11\/Styrelserum-scaled-1-2048x1536.jpg 2048w\" sizes=\"(max-width: 800px) 100vw, 800px\" \/>\t\t\t\t\t\t\t\t<\/a>\n\t\t\t\t\t\t\t\t\t\t\t\t\t\t\t<\/div>\n\t\t\t\t<\/div>\n\t\t\t\t<div class=\"elementor-element elementor-element-7edc2cf9 elementor-widget elementor-widget-heading\" data-id=\"7edc2cf9\" data-element_type=\"widget\" data-widget_type=\"heading.default\">\n\t\t\t\t<div class=\"elementor-widget-container\">\n\t\t\t\t\t<h2 class=\"elementor-heading-title elementor-size-default\"><a href=\"http:\/\/boostyourmessage.se\/strategisk-modell\/\">S\u00e5 skapas en kommunikativ organisation<\/a><\/h2>\t\t\t\t<\/div>\n\t\t\t\t<\/div>\n\t\t\t\t<div class=\"elementor-element elementor-element-5b8f483 elementor-widget-divider--view-line elementor-widget elementor-widget-divider\" data-id=\"5b8f483\" data-element_type=\"widget\" data-widget_type=\"divider.default\">\n\t\t\t\t<div class=\"elementor-widget-container\">\n\t\t\t\t\t\t\t<div class=\"elementor-divider\">\n\t\t\t<span class=\"elementor-divider-separator\">\n\t\t\t\t\t\t<\/span>\n\t\t<\/div>\n\t\t\t\t\t\t<\/div>\n\t\t\t\t<\/div>\n\t\t\t\t<div class=\"elementor-element elementor-element-4f88200d elementor-widget elementor-widget-image\" data-id=\"4f88200d\" data-element_type=\"widget\" data-widget_type=\"image.default\">\n\t\t\t\t<div class=\"elementor-widget-container\">\n\t\t\t\t\t\t\t\t\t\t\t\t\t\t\t\t<a href=\"http:\/\/boostyourmessage.se\/strategisk-modell\/\">\n\t\t\t\t\t\t\t<img decoding=\"async\" width=\"800\" height=\"800\" src=\"https:\/\/www.budskap.se\/wp-content\/uploads\/2025\/01\/alexandre-pellaes-6vAjp0pscX0-unsplash-20x20-1-1024x1024.jpg\" class=\"attachment-large size-large wp-image-184\" alt=\"\" srcset=\"https:\/\/www.budskap.se\/wp-content\/uploads\/2025\/01\/alexandre-pellaes-6vAjp0pscX0-unsplash-20x20-1-1024x1024.jpg 1024w, https:\/\/www.budskap.se\/wp-content\/uploads\/2025\/01\/alexandre-pellaes-6vAjp0pscX0-unsplash-20x20-1-300x300.jpg 300w, https:\/\/www.budskap.se\/wp-content\/uploads\/2025\/01\/alexandre-pellaes-6vAjp0pscX0-unsplash-20x20-1-150x150.jpg 150w, https:\/\/www.budskap.se\/wp-content\/uploads\/2025\/01\/alexandre-pellaes-6vAjp0pscX0-unsplash-20x20-1-768x768.jpg 768w, https:\/\/www.budskap.se\/wp-content\/uploads\/2025\/01\/alexandre-pellaes-6vAjp0pscX0-unsplash-20x20-1.jpg 1181w\" sizes=\"(max-width: 800px) 100vw, 800px\" \/>\t\t\t\t\t\t\t\t<\/a>\n\t\t\t\t\t\t\t\t\t\t\t\t\t\t\t<\/div>\n\t\t\t\t<\/div>\n\t\t\t\t<div class=\"elementor-element elementor-element-6d2d7b7a elementor-widget elementor-widget-heading\" data-id=\"6d2d7b7a\" data-element_type=\"widget\" data-widget_type=\"heading.default\">\n\t\t\t\t<div class=\"elementor-widget-container\">\n\t\t\t\t\t<h2 class=\"elementor-heading-title elementor-size-default\"><a href=\"http:\/\/boostyourmessage.se\/strategisk-modell\/\">Inspirerande f\u00f6redrag<\/a><\/h2>\t\t\t\t<\/div>\n\t\t\t\t<\/div>\n\t\t\t\t\t<\/div>\n\t\t<\/div>\n\t\t\t\t\t<\/div>\n\t\t<\/section>\n\t\t\t\t<\/div>\n\t\t","protected":false},"excerpt":{"rendered":"<p>Kontakt Anv\u00e4nd kontakt kontaktformul\u00e4ret nedan eller mejla till lars snabel-a budskap punkt se Aktivera JavaScript i din webbl\u00e4sare f\u00f6r att slutf\u00f6ra detta formul\u00e4r.Aktivera JavaScript i din webbl\u00e4sare f\u00f6r att slutf\u00f6ra detta formul\u00e4r.Namn *E-post *Meddelande Skicka S\u00e5 skapas en kommunikativ organisation Inspirerande f\u00f6redrag<\/p>\n","protected":false},"author":1,"featured_media":0,"parent":0,"menu_order":0,"comment_status":"closed","ping_status":"closed","template":"","meta":{"footnotes":""},"class_list":["post-159","page","type-page","status-publish","hentry"],"yoast_head":"<!-- This site is optimized with the Yoast SEO plugin v25.3 - https:\/\/yoast.com\/wordpress\/plugins\/seo\/ -->\n<title>Budskap.se - Kontakt<\/title>\n<meta name=\"description\" content=\"Effektiv kommunikation\" \/>\n<meta name=\"robots\" content=\"index, follow, max-snippet:-1, max-image-preview:large, max-video-preview:-1\" \/>\n<link rel=\"canonical\" href=\"https:\/\/www.budskap.se\/?page_id=159\" \/>\n<meta property=\"og:locale\" content=\"sv_SE\" \/>\n<meta property=\"og:type\" content=\"article\" \/>\n<meta property=\"og:title\" content=\"Budskap.se - Kontakt\" \/>\n<meta property=\"og:description\" content=\"Effektiv kommunikation\" \/>\n<meta property=\"og:url\" content=\"https:\/\/www.budskap.se\/?page_id=159\" \/>\n<meta property=\"og:site_name\" content=\"Budskap.se\" \/>\n<meta property=\"article:modified_time\" content=\"2025-01-07T17:27:40+00:00\" \/>\n<meta property=\"og:image\" content=\"https:\/\/www.budskap.se\/wp-content\/plugins\/wpforms-lite\/assets\/images\/submit-spin.svg\" \/>\n<meta name=\"twitter:card\" content=\"summary_large_image\" \/>\n<meta name=\"twitter:label1\" content=\"Ber\u00e4knad l\u00e4stid\" \/>\n\t<meta name=\"twitter:data1\" content=\"1 minut\" \/>\n<script type=\"application\/ld+json\" class=\"yoast-schema-graph\">{\"@context\":\"https:\/\/schema.org\",\"@graph\":[{\"@type\":\"WebPage\",\"@id\":\"https:\/\/www.budskap.se\/?page_id=159\",\"url\":\"https:\/\/www.budskap.se\/?page_id=159\",\"name\":\"Budskap.se - Kontakt\",\"isPartOf\":{\"@id\":\"https:\/\/www.budskap.se\/#website\"},\"primaryImageOfPage\":{\"@id\":\"https:\/\/www.budskap.se\/?page_id=159#primaryimage\"},\"image\":{\"@id\":\"https:\/\/www.budskap.se\/?page_id=159#primaryimage\"},\"thumbnailUrl\":\"https:\/\/www.budskap.se\/wp-content\/plugins\/wpforms-lite\/assets\/images\/submit-spin.svg\",\"datePublished\":\"2025-01-06T16:10:49+00:00\",\"dateModified\":\"2025-01-07T17:27:40+00:00\",\"description\":\"Effektiv kommunikation\",\"breadcrumb\":{\"@id\":\"https:\/\/www.budskap.se\/?page_id=159#breadcrumb\"},\"inLanguage\":\"sv-SE\",\"potentialAction\":[{\"@type\":\"ReadAction\",\"target\":[\"https:\/\/www.budskap.se\/?page_id=159\"]}]},{\"@type\":\"ImageObject\",\"inLanguage\":\"sv-SE\",\"@id\":\"https:\/\/www.budskap.se\/?page_id=159#primaryimage\",\"url\":\"https:\/\/www.budskap.se\/wp-content\/plugins\/wpforms-lite\/assets\/images\/submit-spin.svg\",\"contentUrl\":\"https:\/\/www.budskap.se\/wp-content\/plugins\/wpforms-lite\/assets\/images\/submit-spin.svg\"},{\"@type\":\"BreadcrumbList\",\"@id\":\"https:\/\/www.budskap.se\/?page_id=159#breadcrumb\",\"itemListElement\":[{\"@type\":\"ListItem\",\"position\":1,\"name\":\"Home\",\"item\":\"https:\/\/www.budskap.se\/\"},{\"@type\":\"ListItem\",\"position\":2,\"name\":\"Kontakt\"}]},{\"@type\":\"WebSite\",\"@id\":\"https:\/\/www.budskap.se\/#website\",\"url\":\"https:\/\/www.budskap.se\/\",\"name\":\"Budskap.se\",\"description\":\"Kommunikationstj\u00e4nster\",\"publisher\":{\"@id\":\"https:\/\/www.budskap.se\/#organization\"},\"potentialAction\":[{\"@type\":\"SearchAction\",\"target\":{\"@type\":\"EntryPoint\",\"urlTemplate\":\"https:\/\/www.budskap.se\/?s={search_term_string}\"},\"query-input\":{\"@type\":\"PropertyValueSpecification\",\"valueRequired\":true,\"valueName\":\"search_term_string\"}}],\"inLanguage\":\"sv-SE\"},{\"@type\":\"Organization\",\"@id\":\"https:\/\/www.budskap.se\/#organization\",\"name\":\"Budskap.se\",\"url\":\"https:\/\/www.budskap.se\/\",\"logo\":{\"@type\":\"ImageObject\",\"inLanguage\":\"sv-SE\",\"@id\":\"https:\/\/www.budskap.se\/#\/schema\/logo\/image\/\",\"url\":\"https:\/\/www.budskap.se\/wp-content\/uploads\/2024\/11\/Logo-Budskap-vit.png\",\"contentUrl\":\"https:\/\/www.budskap.se\/wp-content\/uploads\/2024\/11\/Logo-Budskap-vit.png\",\"width\":213,\"height\":50,\"caption\":\"Budskap.se\"},\"image\":{\"@id\":\"https:\/\/www.budskap.se\/#\/schema\/logo\/image\/\"}}]}<\/script>\n<!-- \/ Yoast SEO plugin. -->","yoast_head_json":{"title":"Budskap.se - Kontakt","description":"Effektiv kommunikation","robots":{"index":"index","follow":"follow","max-snippet":"max-snippet:-1","max-image-preview":"max-image-preview:large","max-video-preview":"max-video-preview:-1"},"canonical":"https:\/\/www.budskap.se\/?page_id=159","og_locale":"sv_SE","og_type":"article","og_title":"Budskap.se - Kontakt","og_description":"Effektiv kommunikation","og_url":"https:\/\/www.budskap.se\/?page_id=159","og_site_name":"Budskap.se","article_modified_time":"2025-01-07T17:27:40+00:00","og_image":[{"url":"https:\/\/www.budskap.se\/wp-content\/plugins\/wpforms-lite\/assets\/images\/submit-spin.svg","type":"","width":"","height":""}],"twitter_card":"summary_large_image","twitter_misc":{"Ber\u00e4knad l\u00e4stid":"1 minut"},"schema":{"@context":"https:\/\/schema.org","@graph":[{"@type":"WebPage","@id":"https:\/\/www.budskap.se\/?page_id=159","url":"https:\/\/www.budskap.se\/?page_id=159","name":"Budskap.se - Kontakt","isPartOf":{"@id":"https:\/\/www.budskap.se\/#website"},"primaryImageOfPage":{"@id":"https:\/\/www.budskap.se\/?page_id=159#primaryimage"},"image":{"@id":"https:\/\/www.budskap.se\/?page_id=159#primaryimage"},"thumbnailUrl":"https:\/\/www.budskap.se\/wp-content\/plugins\/wpforms-lite\/assets\/images\/submit-spin.svg","datePublished":"2025-01-06T16:10:49+00:00","dateModified":"2025-01-07T17:27:40+00:00","description":"Effektiv kommunikation","breadcrumb":{"@id":"https:\/\/www.budskap.se\/?page_id=159#breadcrumb"},"inLanguage":"sv-SE","potentialAction":[{"@type":"ReadAction","target":["https:\/\/www.budskap.se\/?page_id=159"]}]},{"@type":"ImageObject","inLanguage":"sv-SE","@id":"https:\/\/www.budskap.se\/?page_id=159#primaryimage","url":"https:\/\/www.budskap.se\/wp-content\/plugins\/wpforms-lite\/assets\/images\/submit-spin.svg","contentUrl":"https:\/\/www.budskap.se\/wp-content\/plugins\/wpforms-lite\/assets\/images\/submit-spin.svg"},{"@type":"BreadcrumbList","@id":"https:\/\/www.budskap.se\/?page_id=159#breadcrumb","itemListElement":[{"@type":"ListItem","position":1,"name":"Home","item":"https:\/\/www.budskap.se\/"},{"@type":"ListItem","position":2,"name":"Kontakt"}]},{"@type":"WebSite","@id":"https:\/\/www.budskap.se\/#website","url":"https:\/\/www.budskap.se\/","name":"Budskap.se","description":"Kommunikationstj\u00e4nster","publisher":{"@id":"https:\/\/www.budskap.se\/#organization"},"potentialAction":[{"@type":"SearchAction","target":{"@type":"EntryPoint","urlTemplate":"https:\/\/www.budskap.se\/?s={search_term_string}"},"query-input":{"@type":"PropertyValueSpecification","valueRequired":true,"valueName":"search_term_string"}}],"inLanguage":"sv-SE"},{"@type":"Organization","@id":"https:\/\/www.budskap.se\/#organization","name":"Budskap.se","url":"https:\/\/www.budskap.se\/","logo":{"@type":"ImageObject","inLanguage":"sv-SE","@id":"https:\/\/www.budskap.se\/#\/schema\/logo\/image\/","url":"https:\/\/www.budskap.se\/wp-content\/uploads\/2024\/11\/Logo-Budskap-vit.png","contentUrl":"https:\/\/www.budskap.se\/wp-content\/uploads\/2024\/11\/Logo-Budskap-vit.png","width":213,"height":50,"caption":"Budskap.se"},"image":{"@id":"https:\/\/www.budskap.se\/#\/schema\/logo\/image\/"}}]}},"_links":{"self":[{"href":"https:\/\/www.budskap.se\/index.php?rest_route=\/wp\/v2\/pages\/159"}],"collection":[{"href":"https:\/\/www.budskap.se\/index.php?rest_route=\/wp\/v2\/pages"}],"about":[{"href":"https:\/\/www.budskap.se\/index.php?rest_route=\/wp\/v2\/types\/page"}],"author":[{"embeddable":true,"href":"https:\/\/www.budskap.se\/index.php?rest_route=\/wp\/v2\/users\/1"}],"replies":[{"embeddable":true,"href":"https:\/\/www.budskap.se\/index.php?rest_route=%2Fwp%2Fv2%2Fcomments&post=159"}],"version-history":[{"count":6,"href":"https:\/\/www.budskap.se\/index.php?rest_route=\/wp\/v2\/pages\/159\/revisions"}],"predecessor-version":[{"id":298,"href":"https:\/\/www.budskap.se\/index.php?rest_route=\/wp\/v2\/pages\/159\/revisions\/298"}],"wp:attachment":[{"href":"https:\/\/www.budskap.se\/index.php?rest_route=%2Fwp%2Fv2%2Fmedia&parent=159"}],"curies":[{"name":"wp","href":"https:\/\/api.w.org\/{rel}","templated":true}]}}