{"id":157,"date":"2025-01-05T17:46:58","date_gmt":"2025-01-05T16:46:58","guid":{"rendered":"https:\/\/www.budskap.se\/?page_id=157"},"modified":"2025-01-11T15:54:50","modified_gmt":"2025-01-11T14:54:50","slug":"foredrag","status":"publish","type":"page","link":"https:\/\/www.budskap.se\/?page_id=157","title":{"rendered":"F\u00f6redrag"},"content":{"rendered":"\t\t<div data-elementor-type=\"wp-page\" data-elementor-id=\"157\" class=\"elementor elementor-157\">\n\t\t\t\t\t\t<section class=\"elementor-section elementor-top-section elementor-element elementor-element-117eff16 elementor-section-height-min-height elementor-section-content-middle elementor-section-items-stretch elementor-section-boxed elementor-section-height-default\" data-id=\"117eff16\" data-element_type=\"section\" data-settings=\"{&quot;background_background&quot;:&quot;classic&quot;}\">\n\t\t\t\t\t\t<div class=\"elementor-container elementor-column-gap-default\">\n\t\t\t\t\t<div class=\"elementor-column elementor-col-100 elementor-top-column elementor-element elementor-element-71fc0f6d\" data-id=\"71fc0f6d\" data-element_type=\"column\">\n\t\t\t<div class=\"elementor-widget-wrap elementor-element-populated\">\n\t\t\t\t\t\t<div class=\"elementor-element elementor-element-22be7c2c elementor-widget elementor-widget-heading\" data-id=\"22be7c2c\" data-element_type=\"widget\" data-widget_type=\"heading.default\">\n\t\t\t\t<div class=\"elementor-widget-container\">\n\t\t\t\t\t<h2 class=\"elementor-heading-title elementor-size-default\">F\u00f6redrag<\/h2>\t\t\t\t<\/div>\n\t\t\t\t<\/div>\n\t\t\t\t\t<\/div>\n\t\t<\/div>\n\t\t\t\t\t<\/div>\n\t\t<\/section>\n\t\t\t\t<section class=\"elementor-section elementor-top-section elementor-element elementor-element-4c259dd7 elementor-section-boxed elementor-section-height-default elementor-section-height-default\" data-id=\"4c259dd7\" data-element_type=\"section\">\n\t\t\t\t\t\t<div class=\"elementor-container elementor-column-gap-default\">\n\t\t\t\t\t<div class=\"elementor-column elementor-col-66 elementor-top-column elementor-element elementor-element-4b6c093\" data-id=\"4b6c093\" data-element_type=\"column\">\n\t\t\t<div class=\"elementor-widget-wrap elementor-element-populated\">\n\t\t\t\t\t\t<div class=\"elementor-element elementor-element-3a5429a8 elementor-widget__width-initial elementor-widget elementor-widget-heading\" data-id=\"3a5429a8\" data-element_type=\"widget\" data-widget_type=\"heading.default\">\n\t\t\t\t<div class=\"elementor-widget-container\">\n\t\t\t\t\t<h2 class=\"elementor-heading-title elementor-size-xl\">Vi m\u00e4nniskor \u00e4r skapta f\u00f6r att formulera och ta till oss budskap.<\/h2>\t\t\t\t<\/div>\n\t\t\t\t<\/div>\n\t\t\t\t<div class=\"elementor-element elementor-element-611d35fe elementor-widget__width-initial elementor-widget elementor-widget-text-editor\" data-id=\"611d35fe\" data-element_type=\"widget\" data-widget_type=\"text-editor.default\">\n\t\t\t\t<div class=\"elementor-widget-container\">\n\t\t\t\t\t\t\t\t\t<p><span style=\"color: var( --e-global-color-text ); letter-spacing: 0px; word-spacing: var( --e-global-typography-text-word-spacing );\">F\u00f6r 70 000 \u00e5r sedan tog sig en st\u00f6rre grupp homo sapiens \u00f6ver sundet fr\u00e5n Afrika till Arabiska halv\u00f6n. De spred sig sedan snabbt, ur ett evolution\u00e4rt perspektiv, \u00f6ver hela Euroasien och tr\u00e4ngde ut andra arter p\u00e5 m\u00e4nsklighetens sl\u00e4kttr\u00e4d. Alla m\u00e4nniskor med h\u00e4rkomst utanf\u00f6r Afrika h\u00e4rstammar fr\u00e5n denna grupp. M\u00e5nga forskare menar att det var vid denna tid som den m\u00e4nskliga hj\u00e4rnan utvecklades med den kognitiva f\u00f6rm\u00e5gan. Det var d\u00e5 m\u00e4nniskan fick f\u00f6rm\u00e5gan att t\u00e4nka bortom nuet, att planera fram\u00e5t, fantisera och visionera. N\u00e5gra anf\u00e4der till oss visionerade f\u00f6r 70 000 \u00e5r sedan om en b\u00e4ttre framtid p\u00e5 andra sidan sundet och&nbsp; lyckades motivera hela gruppen att v\u00e5ga sig ut p\u00e5 detta \u00e4ventyr. Evolutionen s\u00e5g d\u00e4rmed till att dessa egenskaper blev n\u00e5gra av v\u00e5ra viktigaste drivkrafter. Att t\u00e4nka abstrakt och str\u00e4va mot en framtida f\u00f6rb\u00e4ttring, att tillh\u00f6ra en grupp och dela dess historier och v\u00e4rderingar, att samarbeta f\u00f6r gruppens b\u00e4sta.<\/span><\/p>\n<p>M\u00e4nsklighetens framg\u00e5ng bygger p\u00e5 egenskapen att samla gruppen kring en gemensam id\u00e9. Det f\u00f6ruts\u00e4tter en f\u00f6rm\u00e5ga f\u00f6ra \u00f6ver en id\u00e9 till andra &#8211; att kommunicera. Vi \u00e4r helt enkelt skapta f\u00f6r att formulera och ta till oss budskap.<\/p>\n<p>Intressant? Boka ett seminarium.<\/p>\t\t\t\t\t\t\t\t<\/div>\n\t\t\t\t<\/div>\n\t\t\t\t\t<\/div>\n\t\t<\/div>\n\t\t\t\t<div class=\"elementor-column elementor-col-33 elementor-top-column elementor-element elementor-element-7efb590b\" data-id=\"7efb590b\" data-element_type=\"column\">\n\t\t\t<div class=\"elementor-widget-wrap elementor-element-populated\">\n\t\t\t\t\t\t<div class=\"elementor-element elementor-element-5988897b elementor-widget__width-initial elementor-widget elementor-widget-heading\" data-id=\"5988897b\" data-element_type=\"widget\" data-widget_type=\"heading.default\">\n\t\t\t\t<div class=\"elementor-widget-container\">\n\t\t\t\t\t<h2 class=\"elementor-heading-title elementor-size-default\"><a href=\"http:\/\/boostyourmessage.se\/kontakt\/\">Vill du veta mer?<\/a><\/h2>\t\t\t\t<\/div>\n\t\t\t\t<\/div>\n\t\t\t\t<div class=\"elementor-element elementor-element-4d5e990 elementor-widget-divider--view-line elementor-widget elementor-widget-divider\" data-id=\"4d5e990\" data-element_type=\"widget\" data-widget_type=\"divider.default\">\n\t\t\t\t<div class=\"elementor-widget-container\">\n\t\t\t\t\t\t\t<div class=\"elementor-divider\">\n\t\t\t<span class=\"elementor-divider-separator\">\n\t\t\t\t\t\t<\/span>\n\t\t<\/div>\n\t\t\t\t\t\t<\/div>\n\t\t\t\t<\/div>\n\t\t\t\t<div class=\"elementor-element elementor-element-21f22c68 elementor-widget elementor-widget-image\" data-id=\"21f22c68\" data-element_type=\"widget\" data-widget_type=\"image.default\">\n\t\t\t\t<div class=\"elementor-widget-container\">\n\t\t\t\t\t\t\t\t\t\t\t\t\t\t\t\t<a href=\"https:\/\/www.budskap.se\/?page_id=161\">\n\t\t\t\t\t\t\t<img fetchpriority=\"high\" decoding=\"async\" width=\"800\" height=\"600\" src=\"https:\/\/www.budskap.se\/wp-content\/uploads\/2024\/11\/Styrelserum-scaled-1-1024x768.jpg\" class=\"attachment-large size-large wp-image-60\" alt=\"\" srcset=\"https:\/\/www.budskap.se\/wp-content\/uploads\/2024\/11\/Styrelserum-scaled-1-1024x768.jpg 1024w, https:\/\/www.budskap.se\/wp-content\/uploads\/2024\/11\/Styrelserum-scaled-1-300x225.jpg 300w, https:\/\/www.budskap.se\/wp-content\/uploads\/2024\/11\/Styrelserum-scaled-1-768x576.jpg 768w, https:\/\/www.budskap.se\/wp-content\/uploads\/2024\/11\/Styrelserum-scaled-1-1536x1152.jpg 1536w, https:\/\/www.budskap.se\/wp-content\/uploads\/2024\/11\/Styrelserum-scaled-1-2048x1536.jpg 2048w\" sizes=\"(max-width: 800px) 100vw, 800px\" \/>\t\t\t\t\t\t\t\t<\/a>\n\t\t\t\t\t\t\t\t\t\t\t\t\t\t\t<\/div>\n\t\t\t\t<\/div>\n\t\t\t\t<div class=\"elementor-element elementor-element-768f1204 elementor-widget elementor-widget-heading\" data-id=\"768f1204\" data-element_type=\"widget\" data-widget_type=\"heading.default\">\n\t\t\t\t<div class=\"elementor-widget-container\">\n\t\t\t\t\t<h2 class=\"elementor-heading-title elementor-size-default\"><a href=\"https:\/\/www.budskap.se\/?page_id=161\">S\u00e5 skapas en kommunikativ organisation<\/a><\/h2>\t\t\t\t<\/div>\n\t\t\t\t<\/div>\n\t\t\t\t<div class=\"elementor-element elementor-element-2115690 elementor-widget-divider--view-line elementor-widget elementor-widget-divider\" data-id=\"2115690\" data-element_type=\"widget\" data-widget_type=\"divider.default\">\n\t\t\t\t<div class=\"elementor-widget-container\">\n\t\t\t\t\t\t\t<div class=\"elementor-divider\">\n\t\t\t<span class=\"elementor-divider-separator\">\n\t\t\t\t\t\t<\/span>\n\t\t<\/div>\n\t\t\t\t\t\t<\/div>\n\t\t\t\t<\/div>\n\t\t\t\t\t<\/div>\n\t\t<\/div>\n\t\t\t\t\t<\/div>\n\t\t<\/section>\n\t\t\t\t<\/div>\n\t\t","protected":false},"excerpt":{"rendered":"<p>F\u00f6redrag Vi m\u00e4nniskor \u00e4r skapta f\u00f6r att formulera och ta till oss budskap. F\u00f6r 70 000 \u00e5r sedan tog sig en st\u00f6rre grupp homo sapiens \u00f6ver sundet fr\u00e5n Afrika till Arabiska halv\u00f6n. De spred sig sedan snabbt, ur ett evolution\u00e4rt perspektiv, \u00f6ver hela Euroasien och tr\u00e4ngde ut andra arter p\u00e5 m\u00e4nsklighetens sl\u00e4kttr\u00e4d. Alla m\u00e4nniskor med [&hellip;]<\/p>\n","protected":false},"author":1,"featured_media":0,"parent":0,"menu_order":0,"comment_status":"closed","ping_status":"closed","template":"","meta":{"footnotes":""},"class_list":["post-157","page","type-page","status-publish","hentry"],"yoast_head":"<!-- This site is optimized with the Yoast SEO plugin v25.3 - https:\/\/yoast.com\/wordpress\/plugins\/seo\/ -->\n<title>F\u00f6redrag - Budskap.se<\/title>\n<meta name=\"robots\" content=\"index, follow, max-snippet:-1, max-image-preview:large, max-video-preview:-1\" \/>\n<link rel=\"canonical\" href=\"https:\/\/www.budskap.se\/?page_id=157\" \/>\n<meta property=\"og:locale\" content=\"sv_SE\" \/>\n<meta property=\"og:type\" content=\"article\" \/>\n<meta property=\"og:title\" content=\"F\u00f6redrag - Budskap.se\" \/>\n<meta property=\"og:description\" content=\"F\u00f6redrag Vi m\u00e4nniskor \u00e4r skapta f\u00f6r att formulera och ta till oss budskap. F\u00f6r 70 000 \u00e5r sedan tog sig en st\u00f6rre grupp homo sapiens \u00f6ver sundet fr\u00e5n Afrika till Arabiska halv\u00f6n. De spred sig sedan snabbt, ur ett evolution\u00e4rt perspektiv, \u00f6ver hela Euroasien och tr\u00e4ngde ut andra arter p\u00e5 m\u00e4nsklighetens sl\u00e4kttr\u00e4d. Alla m\u00e4nniskor med [&hellip;]\" \/>\n<meta property=\"og:url\" content=\"https:\/\/www.budskap.se\/?page_id=157\" \/>\n<meta property=\"og:site_name\" content=\"Budskap.se\" \/>\n<meta property=\"article:modified_time\" content=\"2025-01-11T14:54:50+00:00\" \/>\n<meta property=\"og:image\" content=\"https:\/\/www.budskap.se\/wp-content\/uploads\/2024\/11\/Styrelserum-scaled-1-1024x768.jpg\" \/>\n<meta name=\"twitter:card\" content=\"summary_large_image\" \/>\n<meta name=\"twitter:label1\" content=\"Ber\u00e4knad l\u00e4stid\" \/>\n\t<meta name=\"twitter:data1\" content=\"2 minuter\" \/>\n<script type=\"application\/ld+json\" class=\"yoast-schema-graph\">{\"@context\":\"https:\/\/schema.org\",\"@graph\":[{\"@type\":\"WebPage\",\"@id\":\"https:\/\/www.budskap.se\/?page_id=157\",\"url\":\"https:\/\/www.budskap.se\/?page_id=157\",\"name\":\"F\u00f6redrag - Budskap.se\",\"isPartOf\":{\"@id\":\"https:\/\/www.budskap.se\/#website\"},\"primaryImageOfPage\":{\"@id\":\"https:\/\/www.budskap.se\/?page_id=157#primaryimage\"},\"image\":{\"@id\":\"https:\/\/www.budskap.se\/?page_id=157#primaryimage\"},\"thumbnailUrl\":\"https:\/\/www.budskap.se\/wp-content\/uploads\/2024\/11\/Styrelserum-scaled-1-1024x768.jpg\",\"datePublished\":\"2025-01-05T16:46:58+00:00\",\"dateModified\":\"2025-01-11T14:54:50+00:00\",\"breadcrumb\":{\"@id\":\"https:\/\/www.budskap.se\/?page_id=157#breadcrumb\"},\"inLanguage\":\"sv-SE\",\"potentialAction\":[{\"@type\":\"ReadAction\",\"target\":[\"https:\/\/www.budskap.se\/?page_id=157\"]}]},{\"@type\":\"ImageObject\",\"inLanguage\":\"sv-SE\",\"@id\":\"https:\/\/www.budskap.se\/?page_id=157#primaryimage\",\"url\":\"https:\/\/www.budskap.se\/wp-content\/uploads\/2024\/11\/Styrelserum-scaled-1.jpg\",\"contentUrl\":\"https:\/\/www.budskap.se\/wp-content\/uploads\/2024\/11\/Styrelserum-scaled-1.jpg\",\"width\":2560,\"height\":1920},{\"@type\":\"BreadcrumbList\",\"@id\":\"https:\/\/www.budskap.se\/?page_id=157#breadcrumb\",\"itemListElement\":[{\"@type\":\"ListItem\",\"position\":1,\"name\":\"Home\",\"item\":\"https:\/\/www.budskap.se\/\"},{\"@type\":\"ListItem\",\"position\":2,\"name\":\"F\u00f6redrag\"}]},{\"@type\":\"WebSite\",\"@id\":\"https:\/\/www.budskap.se\/#website\",\"url\":\"https:\/\/www.budskap.se\/\",\"name\":\"Budskap.se\",\"description\":\"Kommunikationstj\u00e4nster\",\"publisher\":{\"@id\":\"https:\/\/www.budskap.se\/#organization\"},\"potentialAction\":[{\"@type\":\"SearchAction\",\"target\":{\"@type\":\"EntryPoint\",\"urlTemplate\":\"https:\/\/www.budskap.se\/?s={search_term_string}\"},\"query-input\":{\"@type\":\"PropertyValueSpecification\",\"valueRequired\":true,\"valueName\":\"search_term_string\"}}],\"inLanguage\":\"sv-SE\"},{\"@type\":\"Organization\",\"@id\":\"https:\/\/www.budskap.se\/#organization\",\"name\":\"Budskap.se\",\"url\":\"https:\/\/www.budskap.se\/\",\"logo\":{\"@type\":\"ImageObject\",\"inLanguage\":\"sv-SE\",\"@id\":\"https:\/\/www.budskap.se\/#\/schema\/logo\/image\/\",\"url\":\"https:\/\/www.budskap.se\/wp-content\/uploads\/2024\/11\/Logo-Budskap-vit.png\",\"contentUrl\":\"https:\/\/www.budskap.se\/wp-content\/uploads\/2024\/11\/Logo-Budskap-vit.png\",\"width\":213,\"height\":50,\"caption\":\"Budskap.se\"},\"image\":{\"@id\":\"https:\/\/www.budskap.se\/#\/schema\/logo\/image\/\"}}]}<\/script>\n<!-- \/ Yoast SEO plugin. -->","yoast_head_json":{"title":"F\u00f6redrag - Budskap.se","robots":{"index":"index","follow":"follow","max-snippet":"max-snippet:-1","max-image-preview":"max-image-preview:large","max-video-preview":"max-video-preview:-1"},"canonical":"https:\/\/www.budskap.se\/?page_id=157","og_locale":"sv_SE","og_type":"article","og_title":"F\u00f6redrag - Budskap.se","og_description":"F\u00f6redrag Vi m\u00e4nniskor \u00e4r skapta f\u00f6r att formulera och ta till oss budskap. F\u00f6r 70 000 \u00e5r sedan tog sig en st\u00f6rre grupp homo sapiens \u00f6ver sundet fr\u00e5n Afrika till Arabiska halv\u00f6n. De spred sig sedan snabbt, ur ett evolution\u00e4rt perspektiv, \u00f6ver hela Euroasien och tr\u00e4ngde ut andra arter p\u00e5 m\u00e4nsklighetens sl\u00e4kttr\u00e4d. Alla m\u00e4nniskor med [&hellip;]","og_url":"https:\/\/www.budskap.se\/?page_id=157","og_site_name":"Budskap.se","article_modified_time":"2025-01-11T14:54:50+00:00","og_image":[{"url":"https:\/\/www.budskap.se\/wp-content\/uploads\/2024\/11\/Styrelserum-scaled-1-1024x768.jpg","type":"","width":"","height":""}],"twitter_card":"summary_large_image","twitter_misc":{"Ber\u00e4knad l\u00e4stid":"2 minuter"},"schema":{"@context":"https:\/\/schema.org","@graph":[{"@type":"WebPage","@id":"https:\/\/www.budskap.se\/?page_id=157","url":"https:\/\/www.budskap.se\/?page_id=157","name":"F\u00f6redrag - Budskap.se","isPartOf":{"@id":"https:\/\/www.budskap.se\/#website"},"primaryImageOfPage":{"@id":"https:\/\/www.budskap.se\/?page_id=157#primaryimage"},"image":{"@id":"https:\/\/www.budskap.se\/?page_id=157#primaryimage"},"thumbnailUrl":"https:\/\/www.budskap.se\/wp-content\/uploads\/2024\/11\/Styrelserum-scaled-1-1024x768.jpg","datePublished":"2025-01-05T16:46:58+00:00","dateModified":"2025-01-11T14:54:50+00:00","breadcrumb":{"@id":"https:\/\/www.budskap.se\/?page_id=157#breadcrumb"},"inLanguage":"sv-SE","potentialAction":[{"@type":"ReadAction","target":["https:\/\/www.budskap.se\/?page_id=157"]}]},{"@type":"ImageObject","inLanguage":"sv-SE","@id":"https:\/\/www.budskap.se\/?page_id=157#primaryimage","url":"https:\/\/www.budskap.se\/wp-content\/uploads\/2024\/11\/Styrelserum-scaled-1.jpg","contentUrl":"https:\/\/www.budskap.se\/wp-content\/uploads\/2024\/11\/Styrelserum-scaled-1.jpg","width":2560,"height":1920},{"@type":"BreadcrumbList","@id":"https:\/\/www.budskap.se\/?page_id=157#breadcrumb","itemListElement":[{"@type":"ListItem","position":1,"name":"Home","item":"https:\/\/www.budskap.se\/"},{"@type":"ListItem","position":2,"name":"F\u00f6redrag"}]},{"@type":"WebSite","@id":"https:\/\/www.budskap.se\/#website","url":"https:\/\/www.budskap.se\/","name":"Budskap.se","description":"Kommunikationstj\u00e4nster","publisher":{"@id":"https:\/\/www.budskap.se\/#organization"},"potentialAction":[{"@type":"SearchAction","target":{"@type":"EntryPoint","urlTemplate":"https:\/\/www.budskap.se\/?s={search_term_string}"},"query-input":{"@type":"PropertyValueSpecification","valueRequired":true,"valueName":"search_term_string"}}],"inLanguage":"sv-SE"},{"@type":"Organization","@id":"https:\/\/www.budskap.se\/#organization","name":"Budskap.se","url":"https:\/\/www.budskap.se\/","logo":{"@type":"ImageObject","inLanguage":"sv-SE","@id":"https:\/\/www.budskap.se\/#\/schema\/logo\/image\/","url":"https:\/\/www.budskap.se\/wp-content\/uploads\/2024\/11\/Logo-Budskap-vit.png","contentUrl":"https:\/\/www.budskap.se\/wp-content\/uploads\/2024\/11\/Logo-Budskap-vit.png","width":213,"height":50,"caption":"Budskap.se"},"image":{"@id":"https:\/\/www.budskap.se\/#\/schema\/logo\/image\/"}}]}},"_links":{"self":[{"href":"https:\/\/www.budskap.se\/index.php?rest_route=\/wp\/v2\/pages\/157"}],"collection":[{"href":"https:\/\/www.budskap.se\/index.php?rest_route=\/wp\/v2\/pages"}],"about":[{"href":"https:\/\/www.budskap.se\/index.php?rest_route=\/wp\/v2\/types\/page"}],"author":[{"embeddable":true,"href":"https:\/\/www.budskap.se\/index.php?rest_route=\/wp\/v2\/users\/1"}],"replies":[{"embeddable":true,"href":"https:\/\/www.budskap.se\/index.php?rest_route=%2Fwp%2Fv2%2Fcomments&post=157"}],"version-history":[{"count":6,"href":"https:\/\/www.budskap.se\/index.php?rest_route=\/wp\/v2\/pages\/157\/revisions"}],"predecessor-version":[{"id":370,"href":"https:\/\/www.budskap.se\/index.php?rest_route=\/wp\/v2\/pages\/157\/revisions\/370"}],"wp:attachment":[{"href":"https:\/\/www.budskap.se\/index.php?rest_route=%2Fwp%2Fv2%2Fmedia&parent=157"}],"curies":[{"name":"wp","href":"https:\/\/api.w.org\/{rel}","templated":true}]}}